{"id":2400,"date":"2023-10-04T13:58:50","date_gmt":"2023-10-04T17:58:50","guid":{"rendered":"https:\/\/jfsacanada.com\/?page_id=2400"},"modified":"2023-10-04T14:13:21","modified_gmt":"2023-10-04T18:13:21","slug":"software","status":"publish","type":"page","link":"https:\/\/jfsacanada.com\/en\/software\/","title":{"rendered":"Software"},"content":{"rendered":"<section class=\"content_container\">\n<div class=\"container\">\n<div class=\"row\">\n<div class=\"col-md-12\">\n<div class=\"lc-block\">\n<div editable=\"rich\">\n<p>Jean-Fran\u00e7ois Sabourin, President of JFSA, has developed a range of useful software based on hydrological and hydraulic modeling. JFSA is the exclusive distributor of SWMHYMO, STORMS, PLOTHYD and Manning\u2019s Calculator software and provides regular program updates. To purchase this software, please contact us online by <a class=\"\" href=\"?your-subject=Buying softwares\" aria-label=\"Clicking here\">Clicking here<\/a>.<\/p>\n<p>For technical help with any of our products please visit here for our FAQ or contact us at swmhymo@jfsa.com<\/p>\n<\/p><\/div>\n<\/p><\/div>\n<p><!-- \/lc-block --><\/p>\n<div class=\"lc-block\">\n<div lc-helper=\"shortcode\" class=\"live-shortcode\"><div class=\"oneTeam\"><span class=\"team_btn active\";\">Manning\u2019s Calculator<\/span><div class=\"team_content\" style=\"display: block;\"><div class=\"one_member\"><div class=\"member_photo\"><img loading=\"lazy\" decoding=\"async\" width=\"199\" height=\"201\" src=\"https:\/\/jfsacanada.com\/wp-content\/uploads\/2019\/11\/mannings_disc.jpg\" class=\"attachment-full size-full wp-post-image\" alt=\"\" srcset=\"https:\/\/jfsacanada.com\/wp-content\/uploads\/2019\/11\/mannings_disc.jpg 199w, https:\/\/jfsacanada.com\/wp-content\/uploads\/2019\/11\/mannings_disc-100x100.jpg 100w\" sizes=\"auto, (max-width: 199px) 100vw, 199px\" \/><\/div><div class=\"member_desc\"><p>Manning's Calculator is a hydraulic engineering open channel flow and conduit utility that can be used to calculate any variable in Manning's Equation for most channel geometries, for circular pipe and for various input and output units.<\/p>\n<p>Manning's Calculator can save an engineer, hydrologist, technologist or technician hours of time by instantly solving complex iterative equations.<\/p>\n<p>Download <strong>Manning's Calculator<\/strong> demo: <a href=\"https:\/\/jfsacanada.com\/en\/software\/software-downloads\/\">Software Downloads<\/a><\/p>\n<\/div><\/div><\/div><\/div><div class=\"oneTeam\"><span class=\"team_btn\">Calculateur de Manning<\/span><div class=\"team_content\" style=\"display: none;\"><div class=\"one_member\"><div class=\"member_photo\"><img loading=\"lazy\" decoding=\"async\" width=\"199\" height=\"201\" src=\"https:\/\/jfsacanada.com\/wp-content\/uploads\/2019\/11\/mannings_disc.jpg\" class=\"attachment-full size-full wp-post-image\" alt=\"\" srcset=\"https:\/\/jfsacanada.com\/wp-content\/uploads\/2019\/11\/mannings_disc.jpg 199w, https:\/\/jfsacanada.com\/wp-content\/uploads\/2019\/11\/mannings_disc-100x100.jpg 100w\" sizes=\"auto, (max-width: 199px) 100vw, 199px\" \/><\/div><div class=\"member_desc\"><p>Le calculateur de Manning est un outil d\u2019ing\u00e9nierie hydraulique pouvant \u00eatre utilis\u00e9 pour calculer n\u2019importe quelle variable de l\u2019\u00e9quation de Manning pour la majorit\u00e9 des g\u00e9om\u00e9tries de cours d\u2019eau et pour des conduites circulaires, ainsi que pour des unit\u00e9s d\u2019entr\u00e9e et de sortie vari\u00e9es.<\/p>\n<p>Le calculateur de Manning peut permettre \u00e0 un ing\u00e9nieur, \u00e0 un hydrologiste ou \u00e0 un technologue d\u2019\u00e9conomiser plusieurs heures de travail en solutionnant instantan\u00e9ment des \u00e9quations it\u00e9ratives complexes.<\/p>\n<\/div><\/div><\/div><\/div><div class=\"oneTeam\"><span class=\"team_btn\">PLOTHYD<\/span><div class=\"team_content\" style=\"display: none;\"><div class=\"one_member\"><div class=\"member_desc\"><p class=\"western\"><span lang=\"en-CA\">This utility software can be used to enter, modify or plot up to 6 hydrographs at the same time; a valuable tool in any surface water management study. It should be noted that PLOTHYD is Compatible with SWMHYMO and OTTHYMO-89.<\/span><\/p>\n<p>Download <strong>PLOTHYD <\/strong>demo: <a href=\"https:\/\/jfsacanada.com\/en\/software\/software-downloads\/\">Software Downloads<\/a><\/p>\n<\/div><\/div><\/div><\/div><div class=\"oneTeam\"><span class=\"team_btn\">PLOTHYD<\/span><div class=\"team_content\" style=\"display: none;\"><div class=\"one_member\"><div class=\"member_photo\"><img loading=\"lazy\" decoding=\"async\" width=\"199\" height=\"201\" src=\"https:\/\/jfsacanada.com\/wp-content\/uploads\/2019\/11\/plothyd_disc.jpg\" class=\"attachment-full size-full wp-post-image\" alt=\"\" srcset=\"https:\/\/jfsacanada.com\/wp-content\/uploads\/2019\/11\/plothyd_disc.jpg 199w, https:\/\/jfsacanada.com\/wp-content\/uploads\/2019\/11\/plothyd_disc-100x100.jpg 100w\" sizes=\"auto, (max-width: 199px) 100vw, 199px\" \/><\/div><div class=\"member_desc\"><p>Ce logiciel utilitaire peut \u00eatre utilis\u00e9 pour entrer, modifier ou tracer jusqu\u2019\u00e0 six hydrogrammes en m\u00eame temps, tr\u00e8s utile dans n\u2019importe quelle \u00e9tude sur la gestion des eaux pluviales. Il est \u00e0 noter que PLOTHYD est compatible avec SWMHYMO et OTTHYMO-89.<\/p>\n<\/div><\/div><\/div><\/div><div class=\"oneTeam\"><span class=\"team_btn\">STORMS 2010<\/span><div class=\"team_content\" style=\"display: none;\"><div class=\"one_member\"><div class=\"member_photo\"><img loading=\"lazy\" decoding=\"async\" width=\"199\" height=\"201\" src=\"https:\/\/jfsacanada.com\/wp-content\/uploads\/2019\/11\/storms_disc.jpg\" class=\"attachment-full size-full wp-post-image\" alt=\"\" srcset=\"https:\/\/jfsacanada.com\/wp-content\/uploads\/2019\/11\/storms_disc.jpg 199w, https:\/\/jfsacanada.com\/wp-content\/uploads\/2019\/11\/storms_disc-100x100.jpg 100w\" sizes=\"auto, (max-width: 199px) 100vw, 199px\" \/><\/div><div class=\"member_desc\"><div class=\"lc-block\">\n<div editable=\"rich\">\n<p> Rainfall analysis software that enables you to:<\/p>\n<ul type=\"disc\">\n<li>Manage your local rainfall statistical data;<\/li>\n<li>Generate and update short or long duration Intensity-duration-frequency (IDF) curves;<\/li>\n<li>Evaluate the return period of observed rainfall events;<\/li>\n<li>Create and manage design storms (Chicago, NRCS, AES and Huff);<\/li>\n<li>Compute rainfall statistic for any event (total rain, duration, average intensity, maximum intensities over 5, 10, 15, 30 minutes and 1, 2, 3, 6, 12 and 24 hours durations);<\/li>\n<li>Perform extreme value frequency analyses;<\/li>\n<li>Study trends in rainfall intensities;<\/li>\n<li>Prepare report-ready charts for Hyetographs and IDF curves as well as various report-ready tables.<\/li>\n<\/ul>\n<p>STORMS 2010 includes an up-to-date database of more than 700 Atmospheric Environment Services (AES) stations containing complete short-duration maximum annual rainfall statistics and IDF data from Environment Canada. Data may be updated as necessary. The software works in English or French.<\/p>\n<p>Download <strong>STORMS<\/strong> User Manual: <a href=\"download\/STORMS2010_USER_MANUAL.pdf\">STORMS2010_USER_MANUAL.PDF<\/a><br \/>Download <strong>STORMS<\/strong> demo: <a href=\"https:\/\/jfsacanada.com\/en\/software\/software-downloads\/\">Software Downloads<\/a><br \/>To purchase Storms 2010 you can email us at <a href=\"mailto:SWMHYMO@JFSA.com\">SWMHYMO@JFSA.com<\/a><\/p>\n<\/div>\n<p><!-- \/lc-block --><\/p>\n<\/div><\/div><\/div><\/div><div class=\"oneTeam\"><span class=\"team_btn\">STORMS 2010<\/span><div class=\"team_content\" style=\"display: none;\"><div class=\"one_member\"><div class=\"member_photo\"><img loading=\"lazy\" decoding=\"async\" width=\"199\" height=\"201\" src=\"https:\/\/jfsacanada.com\/wp-content\/uploads\/2019\/11\/storms_disc.jpg\" class=\"attachment-full size-full wp-post-image\" alt=\"\" srcset=\"https:\/\/jfsacanada.com\/wp-content\/uploads\/2019\/11\/storms_disc.jpg 199w, https:\/\/jfsacanada.com\/wp-content\/uploads\/2019\/11\/storms_disc-100x100.jpg 100w\" sizes=\"auto, (max-width: 199px) 100vw, 199px\" \/><\/div><div class=\"member_desc\"><h4>STORMS 2010 est un logiciel d\u2019analyse des pluies permettant d\u2019effectuer, sans s\u2019y limiter, les t\u00e2ches suivantes :<\/h4>\n<ul>\n<li>G\u00e9rer vos donn\u00e9es pluviom\u00e9triques locales;<\/li>\n<li>G\u00e9n\u00e9rer ou mettre \u00e0 jour les courbes d\u2019intensit\u00e9-dur\u00e9e-fr\u00e9quence (IDF) pour des pr\u00e9cipitations de courtes et de longues dur\u00e9es;<\/li>\n<li>\u00c9valuer la r\u00e9currence des \u00e9v\u00e9nements pluvieux observ\u00e9s;<\/li>\n<li>Cr\u00e9er et g\u00e9rer les pluies de conception (Chicago, NRCS, AES et Huff);<br \/>\nCalculer les statistiques pluviom\u00e9triques pour un \u00e9v\u00e9nement (pr\u00e9cipitation totale, dur\u00e9e, intensit\u00e9 moyenne et intensit\u00e9 maximale pour des dur\u00e9es de 5, 10, 15, 30 minutes et pour 1, 2, 3, 6, 12 et 24 heures);<\/li>\n<li>Effectuer des analyses fr\u00e9quentielles des valeurs extr\u00eames;<\/li>\n<li>\u00c9tudier les tendances dans l\u2019intensit\u00e9 des pluies;<\/li>\n<li>Pr\u00e9parer des graphiques (hy\u00e9togrammes et courbes IDF) et des tableaux pr\u00eats \u00e0 \u00eatre ins\u00e9r\u00e9s dans un rapport.<\/li>\n<\/ul>\n<p>Le logiciel comprend une base de donn\u00e9es \u00e0 jour de plus de 700 stations du Service de l\u2019Environnement Atmosph\u00e9rique (SEA) comprenant toutes les statistiques des maximums annuels des pr\u00e9cipitations de courte dur\u00e9e ainsi que les donn\u00e9es IDF d\u2019Environnement Canada. Il est \u00e0 noter que les donn\u00e9es peuvent \u00eatre mises \u00e0 jour si n\u00e9cessaire. De plus, il est possible d\u2019afficher l\u2019interface du logiciel en fran\u00e7ais et en anglais.<\/p>\n<\/div><\/div><\/div><\/div><div class=\"oneTeam\"><span class=\"team_btn\">SWMHYMO (Stormwater Management Hydrologic Model)<\/span><div class=\"team_content\" style=\"display: none;\"><div class=\"one_member\"><div class=\"member_photo\"><img loading=\"lazy\" decoding=\"async\" width=\"199\" height=\"201\" src=\"https:\/\/jfsacanada.com\/wp-content\/uploads\/2019\/11\/swmhymo_disc.jpg\" class=\"attachment-full size-full wp-post-image\" alt=\"\" srcset=\"https:\/\/jfsacanada.com\/wp-content\/uploads\/2019\/11\/swmhymo_disc.jpg 199w, https:\/\/jfsacanada.com\/wp-content\/uploads\/2019\/11\/swmhymo_disc-100x100.jpg 100w\" sizes=\"auto, (max-width: 199px) 100vw, 199px\" \/><\/div><div class=\"member_desc\"><p>SWMHYMO version 5.5, as with many HYMO successors, is a complex hydrologic model used for the simulation and management of stormwater runoff in either small or large rural and urban area.<\/p>\n<p>Using easily acquired watershed or sewershed information, SWMHYMO processes rainfall records to simulate the transformation of rainfall into surface runoff. Computed hydrographs can be routed through pipes, channels or stormwater control ponds and reservoirs. In urban area, the effective capture rates of catch basins and the effects of storage in street low points can also be simulated.<\/p>\n<p>Though the application of SWMHYMO is not limited to any particular type of hydrological analysis the model will typically be used in studies for the following:<\/p>\n<p>Master Drainage Plans for entire watersheds<\/p>\n<ul type=\"disc\">\n<li>Floodplain mapping studies<\/li>\n<li>SWM studies for new developments<\/li>\n<li>Design of dual drainage systems<\/li>\n<li>Design and analysis of storm sewer systems<\/li>\n<li>Design of stormwater control facilities<\/li>\n<li>Erosion and flood control studies<\/li>\n<li>Design and evaluation of SWM ponds<\/li>\n<li>Hydrologic budget analysis<\/li>\n<li>System failure analysis and evaluation of alternatives<\/li>\n<\/ul>\n<p>Download <strong>SWMHYMO<\/strong> demo: <a href=\"https:\/\/jfsacanada.com\/en\/software\/software-downloads\/<\/a><\/p>\n<p>Please Note SWMHYMO version 5.5 will run on Windows 7 and above.<\/p>\n<p>To purchase SWMHYMO you can email us at <a href=\"mailto:SWMHYMO@JFSA.com\">SWMHYMO@JFSA.com<\/a><\/p>\n<\/div><\/div><\/div><\/div><div class=\"oneTeam\"><span class=\"team_btn\">SWMHYMO (Stormwater Management Hydrologic Model)<\/span><div class=\"team_content\" style=\"display: none;\"><div class=\"one_member\"><div class=\"member_photo\"><img loading=\"lazy\" decoding=\"async\" width=\"199\" height=\"201\" src=\"https:\/\/jfsacanada.com\/wp-content\/uploads\/2019\/11\/swmhymo_disc.jpg\" class=\"attachment-full size-full wp-post-image\" alt=\"\" srcset=\"https:\/\/jfsacanada.com\/wp-content\/uploads\/2019\/11\/swmhymo_disc.jpg 199w, https:\/\/jfsacanada.com\/wp-content\/uploads\/2019\/11\/swmhymo_disc-100x100.jpg 100w\" sizes=\"auto, (max-width: 199px) 100vw, 199px\" \/><\/div><div class=\"member_desc\"><p>SWMHYMO version 5.5, as with many HYMO successors, is a complex hydrologic model used for the simulation and management of stormwater runoff in either small or large rural and urban area.<\/p>\n<p>Using easily acquired watershed or sewershed information, SWMHYMO processes rainfall records to simulate the transformation of rainfall into surface runoff. Computed hydrographs can be routed through pipes, channels or stormwater control ponds and reservoirs. In urban area, the effective capture rates of catch basins and the effects of storage in street low points can also be simulated.<\/p>\n<p>Though the application of SWMHYMO is not limited to any particular type of hydrological analysis the model will typically be used in studies for the following:<\/p>\n<p>Master Drainage Plans for entire watersheds<\/p>\n<ul type=\"disc\">\n<li>Floodplain mapping studies<\/li>\n<li>SWM studies for new developments<\/li>\n<li>Design of dual drainage systems<\/li>\n<li>Design and analysis of storm sewer systems<\/li>\n<li>Design of stormwater control facilities<\/li>\n<li>Erosion and flood control studies<\/li>\n<li>Design and evaluation of SWM ponds<\/li>\n<li>Hydrologic budget analysis<\/li>\n<li>System failure analysis and evaluation of alternatives<\/li>\n<\/ul>\n<p>Download <strong>SWMHYMO<\/strong> demo: <a href=\"https:\/\/jfsacanada.com\/en\/software\/software-downloads\/<\/a><\/p>\n<p>Please Note SWMHYMO version 5.5 will run on Windows 7 and above.<\/p>\n<p>To purchase SWMHYMO you can email us at <a href=\"mailto:SWMHYMO@JFSA.com\">SWMHYMO@JFSA.com<\/a><\/p>\n<\/div><\/div><\/div><\/div><\/div>\n<\/p><\/div>\n<p><!-- \/lc-block -->\n\t\t\t<\/div>\n<p><!-- \/col -->\n\t\t<\/div>\n<\/p><\/div>\n<\/section>\n<section class=\"topfooter_container d-none d-md-block\" id=\"global-footer\">\n<div class=\"container\">\n<div class=\"row\">\n<div class=\"col-md-3\">\n<div class=\"lc-block\">\n<div lc-helper=\"shortcode\" class=\"live-shortcode\"><img loading=\"lazy\" decoding=\"async\" width=\"200\" height=\"71\" src=\"https:\/\/jfsacanada.com\/wp-content\/uploads\/2024\/04\/logo_JFSA_CANADA_rgb_blue2colours_no-text-e1713540713979.jpg\" class=\"custom-logo\" alt=\"JFSA Canada Inc.\" \/><\/div>\n<\/p><\/div>\n<p><!-- \/lc-block --><br \/>\n\t\t\t\t<!-- \/lc-block -->\n\t\t\t<\/div>\n<p><!-- \/col --><\/p>\n<div class=\"col-md-9\">\n<div class=\"lc-block\">\n<div lc-helper=\"shortcode\" class=\"live-shortcode\"><div class=\"menu-footer-menu-en-container\"><ul id=\"menu-footer-menu-en\" class=\"navbar\"><li id=\"menu-item-2420\" class=\"nav-item menu-item menu-item-type-custom menu-item-object-custom menu-item-2420\"><a title=\"Home Page\" href=\"https:\/\/www.jfsa.com\/\" class=\"nav-link\">Home Page<\/a><\/li>\n<li id=\"menu-item-107\" class=\"nav-item menu-item menu-item-type-post_type menu-item-object-page menu-item-107\"><a title=\"Careers\" href=\"https:\/\/jfsacanada.com\/en\/careers\/\" class=\"nav-link\">Careers<\/a><\/li>\n<li id=\"menu-item-1933\" class=\"nav-item menu-item menu-item-type-post_type menu-item-object-page menu-item-1933\"><a title=\"Services\" href=\"https:\/\/jfsacanada.com\/en\/services\/\" class=\"nav-link\">Services<\/a><\/li>\n<li id=\"menu-item-2419\" class=\"nav-item menu-item menu-item-type-post_type menu-item-object-page menu-item-2419\"><a title=\"Software\" href=\"https:\/\/jfsacanada.com\/en\/software\/\" class=\"nav-link\">Software<\/a><\/li>\n<li id=\"menu-item-2394\" class=\"nav-item menu-item menu-item-type-post_type menu-item-object-page menu-item-2394\"><a title=\"Contact Us\" href=\"https:\/\/jfsacanada.com\/en\/contact-us-2\/\" class=\"nav-link\">Contact Us<\/a><\/li>\n<li id=\"menu-item-2395\" class=\"nav-item menu-item menu-item-type-post_type menu-item-object-page menu-item-2395\"><a title=\"The Team\" href=\"https:\/\/jfsacanada.com\/en\/our-business\/the-team\/\" class=\"nav-link\">The Team<\/a><\/li>\n<li id=\"menu-item-2396\" class=\"nav-item menu-item menu-item-type-post_type menu-item-object-page menu-item-2396\"><a title=\"About JFSA\" href=\"https:\/\/jfsacanada.com\/en\/about-jfsa\/\" class=\"nav-link\">About JFSA<\/a><\/li>\n<li id=\"menu-item-2747\" class=\"nav-item menu-item menu-item-type-custom menu-item-object-custom menu-item-2747\"><a title=\"Accueil\" href=\"https:\/\/www.jfsa.com\/\" class=\"nav-link\">Accueil<\/a><\/li>\n<\/ul><\/div><\/div>\n<\/p><\/div>\n<p><!-- \/lc-block -->\n\t\t\t<\/div>\n<p><!-- \/col -->\n\t\t<\/div>\n<\/p><\/div>\n<\/section>\n","protected":false},"excerpt":{"rendered":"<p>Jean-Fran\u00e7ois Sabourin, President of , has developed a range of useful software based on hydrological and hydraulic modeling. is the exclusive distributor of SWMHYMO, STORMS, PLOTHYD and Manning\u2019s Calculator software and provides regular program updates. To purchase this software, please contact us online by . For technical help with any of our products please visit [&hellip;]<\/p>\n","protected":false},"author":2,"featured_media":0,"parent":0,"menu_order":0,"comment_status":"closed","ping_status":"closed","template":"","meta":{"_acf_changed":false,"footnotes":""},"class_list":["post-2400","page","type-page","status-publish","hentry"],"acf":[],"aioseo_notices":[],"_links":{"self":[{"href":"https:\/\/jfsacanada.com\/en\/wp-json\/wp\/v2\/pages\/2400","targetHints":{"allow":["GET"]}}],"collection":[{"href":"https:\/\/jfsacanada.com\/en\/wp-json\/wp\/v2\/pages"}],"about":[{"href":"https:\/\/jfsacanada.com\/en\/wp-json\/wp\/v2\/types\/page"}],"author":[{"embeddable":true,"href":"https:\/\/jfsacanada.com\/en\/wp-json\/wp\/v2\/users\/2"}],"replies":[{"embeddable":true,"href":"https:\/\/jfsacanada.com\/en\/wp-json\/wp\/v2\/comments?post=2400"}],"version-history":[{"count":3,"href":"https:\/\/jfsacanada.com\/en\/wp-json\/wp\/v2\/pages\/2400\/revisions"}],"predecessor-version":[{"id":2404,"href":"https:\/\/jfsacanada.com\/en\/wp-json\/wp\/v2\/pages\/2400\/revisions\/2404"}],"wp:attachment":[{"href":"https:\/\/jfsacanada.com\/en\/wp-json\/wp\/v2\/media?parent=2400"}],"curies":[{"name":"wp","href":"https:\/\/api.w.org\/{rel}","templated":true}]}}