{"id":1441,"date":"2021-04-23T15:07:52","date_gmt":"2021-04-23T19:07:52","guid":{"rendered":"https:\/\/jfsacanada.com\/?page_id=1441"},"modified":"2021-04-23T15:15:44","modified_gmt":"2021-04-23T19:15:44","slug":"faq","status":"publish","type":"page","link":"https:\/\/jfsacanada.com\/fr\/produits\/logiciels\/faq\/","title":{"rendered":"FAQ"},"content":{"rendered":"<section>\n<div class=\"container\">\n<div class=\"row\">\n<div class=\"col-md-12\">\n<div class=\"lc-block\">\n<div lc-helper=\"shortcode\" class=\"live-shortcode\"><style type=\"text\/css\"><\/style><section id='' \n                class='helpie-faq accordions faq-toggle custom-styles groupSettings-50__enabled' \n                data-collection='' \n                data-pagination='0' \n                data-search='0' \n                data-pagination-enabled='0'\n                role='region'\n                aria-label='FAQ Section'\n                aria-live='polite'><h3 class=\"collection-title\">SWMHYMO<\/h3><form class=\"search\" onSubmit=\"return false;\"><div class=\"search__wrapper\"><input type=\"text\" class=\"search__input\" aria-label=\"Search\" role=\"searchbox\" placeholder=\"Search FAQ\"><span class=\"search__icon\"><svg class=\"svg-icon--search\" role=\"img\" xmlns=\"http:\/\/www.w3.org\/2000\/svg\" viewBox=\"0 0 22 22\">\r\n                        <g fill=\"none\" stroke=\"#171717\">\r\n                            <path stroke-linecap=\"square\" stroke-width=\"2\" d=\"M18.5 18.3l-5.4-5.4\"\/>\r\n                            <circle cx=\"8\" cy=\"8\" r=\"7\" stroke-width=\"2\"\/>\r\n                        <\/g>\r\n                    <\/svg><\/span><\/div><div class=\"search__message\"><\/div><\/form><article class=\"accordion \"><div class='helpie-faq-row'><div class='helpie-faq-col helpie-faq-col-12' ><ul><li class=\"accordion__item \"><div class=\"accordion__header \" \r\n                id=\"accordion-header-post-1435\"\r\n                role=\"button\"\r\n                aria-expanded=\"false\"\r\n                aria-controls=\"accordion-content-post-1435\"\r\n                data-id=\"post-1435\" \r\n                data-item=\"hfaq-post-1435\" \r\n                style=\"background:#FFFFFF;\" \r\n                data-tags=\"\"\r\n                tabindex=\"0\"><div class=\"accordion__title\">Une erreur s'est produite lors de l'ex\u00e9cution de SWMHYMO<\/div><\/div><div id=\"accordion-content-post-1435\" \r\n                class=\"accordion__body\" \r\n                role=\"region\"\r\n                aria-labelledby=\"accordion-header-post-1435\"\r\n                style=\"background:#FCFCFC;\"><p>Le probl\u00e8me suivant est g\u00e9n\u00e9ralement r\u00e9solu en installant le patch<\/p>\n<p>Shymo.xxp. Voir les instructions ci-dessous :<\/p>\n<p>Cette erreur est typique du fait que le correctif n&rsquo;est pas install\u00e9 ou que le mode de compatibilit\u00e9 n&rsquo;est pas configur\u00e9. Veuillez suivre les \u00e9tapes suivantes :<\/p>\n<p>Pour ex\u00e9cuter SWMHYMO v4.02 sur Windows 7, <a href=\"https:\/\/jfsacanada.com\/wp-content\/uploads\/2024\/04\/Shymo402.zip\">veuillez<\/a> installer le patch disponible gratuitement sur notre site web. T\u00e9l\u00e9chargez le dossier Shymo402.zip et d\u00e9compressez-le pour extraire le fichier (exe) ; ce fichier est le patch Windows 7. Vous remplacerez le fichier .exe dans vos fichiers de programme par ce nouveau fichier.<br \/>\nAssurez-vous que SWMHYMO a \u00e9t\u00e9 install\u00e9 \u00e0 partir de votre fichier d&rsquo;installation (T\u00e9l\u00e9chargement) directement sur le syst\u00e8me d&rsquo;exploitation Windows 7.<br \/>\nPour mettre \u00e0 jour SWMHYMO avec le correctif, veuillez aller dans votre dossier d&rsquo;installation de SWMHYMO et renommer le fichier exe en fichier xshymo402.exe pour faire une copie de sauvegarde de l&rsquo;original.<\/p>\n<p>Le fichier se trouve g\u00e9n\u00e9ralement dans le dossier des fichiers de programmes de Windows, comme suit :<\/p>\n<p>C:Program Files(x86)SWMHYMO shymo402.exe<\/p>\n<p>Copiez ensuite le correctif t\u00e9l\u00e9charg\u00e9 sur le site Web (shymo402.exe), dans ce m\u00eame dossier.<\/p>\n<p>C:Program Files(x86)SWMHYMO shymo402.exe<\/p>\n<p>SWMHYMO devrait maintenant fonctionner en mode natif sur votre syst\u00e8me.<\/p>\n<p>Pour le tester, veuillez double-cliquer sur le shell : swmhymo.exe.<\/p>\n<p>Essayez ensuite d&rsquo;ex\u00e9cuter un fichier d&rsquo;exemple.<\/p>\n<p>Lorsque vous ex\u00e9cutez votre version mise \u00e0 jour, les impressions de vos mod\u00e8les SWMHYMO (fichiers .sum et .out) indiqueront la version 4.05.<\/p>\n<p>Cela indique que vous avez effectu\u00e9 votre mise \u00e0 jour correctement.<\/p>\n<p>Certains utilisateurs ont \u00e9galement d\u00fb configurer le logiciel en mode de compatibilit\u00e9, voir les \u00e9tapes suivantes :<\/p>\n<p>Modifiez les param\u00e8tres de compatibilit\u00e9 pour l&rsquo;ex\u00e9cution de SWMHYMO en ex\u00e9cutant le moteur SWMHYMO en mode Windows XP.<\/p>\n<p>-&gt;Cliquez avec le bouton droit de la souris sur shymo402.exe (le nouveau que vous venez de copier dans le dossier Program selon les instructions envoy\u00e9es avec le patch).<\/p>\n<p>-&gt;S\u00e9lectionnez Propri\u00e9t\u00e9s.<\/p>\n<p>-&gt;S\u00e9lectionnez l&rsquo;onglet Compatibilit\u00e9<\/p>\n<p>-&gt;Cochez et choisissez : Ex\u00e9cuter ce programme en mode de compatibilit\u00e9 pour :<\/p>\n<p>S\u00e9lectionnez : \u00ab\u00a0Windows XP (Service Pack 3)\u00a0\u00bb dans le menu d\u00e9roulant.<\/p>\n<p>Modifiez les param\u00e8tres de compatibilit\u00e9 pour l&rsquo;ex\u00e9cution de SWMHYMO en ex\u00e9cutant l&rsquo;interface graphique SWMHYMO en mode Windows XP.<\/p>\n<p>-&gt;Cliquez avec le bouton droit sur SWMHYMO.exe (dans le m\u00eame r\u00e9pertoire)<\/p>\n<p>-&gt;S\u00e9lectionnez Propri\u00e9t\u00e9s.<\/p>\n<p>-&gt;S\u00e9lectionnez l&rsquo;onglet Compatibilit\u00e9<\/p>\n<p>-&gt;Cochez et choisissez : Ex\u00e9cuter ce programme en mode de compatibilit\u00e9 pour :<\/p>\n<p>S\u00e9lectionnez : \u00ab\u00a0Windows XP (Service Pack 3)\u00a0\u00bb dans le menu d\u00e9roulant.<\/p>\n<p>Testez SWMHYMO. Si cela ne fonctionne toujours pas, essayez de red\u00e9marrer votre ordinateur puis testez \u00e0 nouveau SWMHYMO.<\/p>\n<\/div><\/li><li class=\"accordion__item \"><div class=\"accordion__header \" \r\n                id=\"accordion-header-post-1437\"\r\n                role=\"button\"\r\n                aria-expanded=\"false\"\r\n                aria-controls=\"accordion-content-post-1437\"\r\n                data-id=\"post-1437\" \r\n                data-item=\"hfaq-post-1437\" \r\n                style=\"background:#FFFFFF;\" \r\n                data-tags=\"\"\r\n                tabindex=\"0\"><div class=\"accordion__title\">Erreur F6414<\/div><\/div><div id=\"accordion-content-post-1437\" \r\n                class=\"accordion__body\" \r\n                role=\"region\"\r\n                aria-labelledby=\"accordion-header-post-1437\"\r\n                style=\"background:#FCFCFC;\"><p>La modification des param\u00e8tres de compatibilit\u00e9 pour Windows XP dans le shell SWMHYMO.exe a corrig\u00e9 le probl\u00e8me.<\/p>\n<\/div><\/li><li class=\"accordion__item \"><div class=\"accordion__header \" \r\n                id=\"accordion-header-post-1438\"\r\n                role=\"button\"\r\n                aria-expanded=\"false\"\r\n                aria-controls=\"accordion-content-post-1438\"\r\n                data-id=\"post-1438\" \r\n                data-item=\"hfaq-post-1438\" \r\n                style=\"background:#FFFFFF;\" \r\n                data-tags=\"\"\r\n                tabindex=\"0\"><div class=\"accordion__title\">Runtime error 70 : permission denied<\/div><\/div><div id=\"accordion-content-post-1438\" \r\n                class=\"accordion__body\" \r\n                role=\"region\"\r\n                aria-labelledby=\"accordion-header-post-1438\"\r\n                style=\"background:#FCFCFC;\"><p>L&rsquo;erreur que vous rencontrez semble \u00eatre li\u00e9e \u00e0 l&rsquo;installation du Service Pack 1 pour Windows 7. \u00c0 ce stade, nous n&rsquo;avons pas de solution pour r\u00e9soudre ce probl\u00e8me.<\/p>\n<p>Cependant, comme solution de contournement.<\/p>\n<p>Au lieu de cr\u00e9er un nouveau fichier de donn\u00e9es \u00e0 partir du menu SWMHYMO, essayez d&rsquo;ouvrir un mod\u00e8le existant qui fonctionne d\u00e9j\u00e0 dans SWMHYMO, modifiez-le selon vos besoins et enregistrez-le \u00e0 nouveau sous un autre nom. Ex\u00e9cutez-le ensuite.<\/p>\n<p>Une solution de contournement que nous avons trouv\u00e9e pour cette erreur est d&rsquo;ouvrir un fichier d&rsquo;entr\u00e9e existant (.dat), d&rsquo;en supprimer le contenu \u00e0 l&rsquo;exception de l&rsquo;en-t\u00eate et de le r\u00e9enregistrer sous un nom diff\u00e9rent. Vous pouvez alors saisir toutes les commandes dont vous avez besoin pour votre projet.<\/p>\n<p>Une solution qui a fonctionn\u00e9 sur Win7 Enterprise.<\/p>\n<p>Copiez le dossier SWMHYMO et son contenu install\u00e9 dans le r\u00e9pertoire C:\u00b3Program Files(86)\u00b3.<\/p>\n<p>directement sur votre lecteur C. Comme dans C:SWMHYMO<\/p>\n<p>Ensuite, essayez d&rsquo;ex\u00e9cuter SWMHYMO en double-cliquant sur SWMHYMO.exe \u00e0 partir de la copie sur votre lecteur C :.<\/p>\n<\/div><\/li><li class=\"accordion__item \"><div class=\"accordion__header \" \r\n                id=\"accordion-header-post-1439\"\r\n                role=\"button\"\r\n                aria-expanded=\"false\"\r\n                aria-controls=\"accordion-content-post-1439\"\r\n                data-id=\"post-1439\" \r\n                data-item=\"hfaq-post-1439\" \r\n                style=\"background:#FFFFFF;\" \r\n                data-tags=\"\"\r\n                tabindex=\"0\"><div class=\"accordion__title\">Runtime error 6501<\/div><\/div><div id=\"accordion-content-post-1439\" \r\n                class=\"accordion__body\" \r\n                role=\"region\"\r\n                aria-labelledby=\"accordion-header-post-1439\"\r\n                style=\"background:#FCFCFC;\"><p>Cette erreur est g\u00e9n\u00e9ralement due \u00e0 une entr\u00e9e incorrecte dans le fichier de donn\u00e9es. V\u00e9rifiez la syntaxe des commandes Storm et Start et les entr\u00e9es de fin de fichier dans le fichier de donn\u00e9es et dans le fichier storm s\u00e9par\u00e9. V\u00e9rifiez que toutes les lignes comment\u00e9es le sont toujours, par exemple qu&rsquo;aucun retour \u00e0 la ligne n&rsquo;a \u00e9t\u00e9 introduit dans un commentaire et qu&rsquo;il se trouve sur sa propre ligne sans *.<\/p>\n<\/div><\/li><li class=\"accordion__item \"><div class=\"accordion__header \" \r\n                id=\"accordion-header-post-1440\"\r\n                role=\"button\"\r\n                aria-expanded=\"false\"\r\n                aria-controls=\"accordion-content-post-1440\"\r\n                data-id=\"post-1440\" \r\n                data-item=\"hfaq-post-1440\" \r\n                style=\"background:#FFFFFF;\" \r\n                data-tags=\"\"\r\n                tabindex=\"0\"><div class=\"accordion__title\">Pour Windows 7 enterprise 64bit<\/div><\/div><div id=\"accordion-content-post-1440\" \r\n                class=\"accordion__body\" \r\n                role=\"region\"\r\n                aria-labelledby=\"accordion-header-post-1440\"\r\n                style=\"background:#FCFCFC;\"><p>Une solution qui a fonctionn\u00e9 a \u00e9t\u00e9 d&rsquo;installer SWMHYMO sur le lecteur C directement.<br \/>\nEt en appuyant sur le bouton d&rsquo;ex\u00e9cution, aucun fichier d&rsquo;entr\u00e9e ou de sortie ne doit \u00eatre ouvert dans l&rsquo;interface.<br \/>\nLes param\u00e8tres de compatibilit\u00e9 ont \u00e9galement \u00e9t\u00e9 modifi\u00e9s pour fonctionner en mode Windows XP.<br \/>\nSi aucune des solutions ci-dessus ne fonctionne, il est n\u00e9cessaire d&rsquo;ex\u00e9cuter SWMHYMO sur l&rsquo;interface virtuelle de Windows XP.<\/p>\n<\/div><\/li><\/ul><\/div><\/div><\/article><\/section><\/div>\n<\/p><\/div>\n<p><!-- \/lc-block -->\n\t\t\t<\/div>\n<p><!-- \/col -->\n\t\t<\/div>\n<\/p><\/div>\n<\/section>\n","protected":false},"excerpt":{"rendered":"","protected":false},"author":2,"featured_media":0,"parent":51,"menu_order":0,"comment_status":"closed","ping_status":"closed","template":"","meta":{"_acf_changed":false,"footnotes":""},"class_list":["post-1441","page","type-page","status-publish","hentry"],"acf":[],"aioseo_notices":[],"_links":{"self":[{"href":"https:\/\/jfsacanada.com\/fr\/wp-json\/wp\/v2\/pages\/1441","targetHints":{"allow":["GET"]}}],"collection":[{"href":"https:\/\/jfsacanada.com\/fr\/wp-json\/wp\/v2\/pages"}],"about":[{"href":"https:\/\/jfsacanada.com\/fr\/wp-json\/wp\/v2\/types\/page"}],"author":[{"embeddable":true,"href":"https:\/\/jfsacanada.com\/fr\/wp-json\/wp\/v2\/users\/2"}],"replies":[{"embeddable":true,"href":"https:\/\/jfsacanada.com\/fr\/wp-json\/wp\/v2\/comments?post=1441"}],"version-history":[{"count":4,"href":"https:\/\/jfsacanada.com\/fr\/wp-json\/wp\/v2\/pages\/1441\/revisions"}],"predecessor-version":[{"id":1445,"href":"https:\/\/jfsacanada.com\/fr\/wp-json\/wp\/v2\/pages\/1441\/revisions\/1445"}],"up":[{"embeddable":true,"href":"https:\/\/jfsacanada.com\/fr\/wp-json\/wp\/v2\/pages\/51"}],"wp:attachment":[{"href":"https:\/\/jfsacanada.com\/fr\/wp-json\/wp\/v2\/media?parent=1441"}],"curies":[{"name":"wp","href":"https:\/\/api.w.org\/{rel}","templated":true}]}}