{"id":1478,"date":"2021-04-27T12:54:33","date_gmt":"2021-04-27T16:54:33","guid":{"rendered":"https:\/\/jfsacanada.com\/?page_id=1478"},"modified":"2024-04-15T13:28:56","modified_gmt":"2024-04-15T17:28:56","slug":"hydraulique-fluviale","status":"publish","type":"page","link":"https:\/\/jfsacanada.com\/fr\/hydraulique-fluviale\/","title":{"rendered":"HYDRAULIQUE FLUVIALE et PLAINES INONDABLES"},"content":{"rendered":"<section>\n<div class=\"container\" style=\"padding-top: 10vh;padding-bottom:10vh\">\n<div class=\"row align-items-center px-2\">\n<div class=\"col-12 col-md-7 col-lg-6\">\n<div class=\"lc-block mb-4\">\n<div editable=\"rich\">\n<h6>JFSA poss\u00e8de une vaste exp\u00e9rience en mati\u00e8re de mod\u00e9lisation des cours d&rsquo;eau et de d\u00e9limitation des plaines inondables. Nous fournissons des services de haute qualit\u00e9 aux clients publics et priv\u00e9s gr\u00e2ce \u00e0 des logiciels avanc\u00e9s et \u00e0 un personnel professionnel et exp\u00e9riment\u00e9. <\/h6>\n<\/p>\n<h5><strong>ANALYSE DE PLAINES INONDABLES <\/strong><\/h5>\n<p>\u2022 D\u00e9veloppement de mod\u00e8les hydrauliques 1D et 2D \u00e0 l&rsquo;aide de logiciels tels que HEC-RAS<br \/>\u2022 Cartographie des plaines inondables<br \/>\u2022 Estimation de la fr\u00e9quence et des dommages caus\u00e9s par les inondations<br \/>\u2022 Consid\u00e9rations relatives \u00e0 la conception des ponts pour accommoder les d\u00e9bits de crue<br \/>\u2022 Conception de mesures d&rsquo;att\u00e9nuation des inondations<br \/>\u2022 Examen des \u00e9tudes hydrotechniques par des pairs et des tierces parties<\/p>\n<\/p>\n<h5>GESTION DE PLAINES D&rsquo;INONDATION<br \/><\/h5>\n<p>\u2022 Analyse et conception d&rsquo;ouvrages hydrauliques (ponts, ponceaux, barrages, r\u00e9servoirs, etc.)<br \/>\u2022 Mod\u00e9lisation de r\u00e9alignement de canaux et de modification de bassins de r\u00e9tention en s\u00e9rie.<br \/>\u2022 Am\u00e9lioration et modification de plaines inondables par des analyses de d\u00e9blais et remblais, et de stockage riverain (analyse volum\u00e9trique et\/ou analyse de l&rsquo;acheminement).<\/p>\n<p><\/p>\n<\/p><\/div>\n<\/p><\/div>\n<\/p><\/div>\n<div class=\"col-12 col-md-5 col-lg-6\">\n<div class=\"lc-block\"><img decoding=\"async\" alt=\"\" class=\"img-fluid mx-auto d-block\" src=\"https:\/\/jfsacanada.com\/wp-content\/uploads\/2023\/01\/AYGB7190.jpg\"><\/div>\n<\/p><\/div>\n<\/p><\/div>\n<\/p><\/div>\n<\/section>\n<section id=\"global-footer\" class=\"topfooter_container d-none d-md-block\">\n<div class=\"container\">\n<div class=\"row\">\n<div class=\"col-md-3\">\n<div class=\"lc-block\">\n<div lc-helper=\"shortcode\" class=\"live-shortcode\"><img loading=\"lazy\" decoding=\"async\" width=\"893\" height=\"317\" src=\"https:\/\/jfsacanada.com\/wp-content\/uploads\/2024\/04\/logo_JFSA_CANADA_rgb_blue2colours_no-text-e1713540713979.jpg\" class=\"custom-logo\" alt=\"JFSA Canada Inc.\" \/><\/div>\n<\/p><\/div>\n<p><!-- \/lc-block --><br \/>\n\t\t\t\t<!-- \/lc-block -->\n\t\t\t<\/div>\n<p><!-- \/col --><\/p>\n<div class=\"col-md-9\">\n<div class=\"lc-block\">\n<div lc-helper=\"shortcode\" class=\"live-shortcode\"><div class=\"menu-footer-menu-fr-container\"><ul id=\"menu-footer-menu-fr\" class=\"navbar\"><li id=\"menu-item-2429\" class=\"nav-item menu-item menu-item-type-custom menu-item-object-custom menu-item-2429\"><a title=\"Accueil\" href=\"https:\/\/www.jfsa.com\/\" class=\"nav-link\">Accueil<\/a><\/li>\n<li id=\"menu-item-71\" class=\"nav-item menu-item menu-item-type-post_type menu-item-object-page menu-item-71\"><a title=\"\u00c0 propos\" href=\"https:\/\/jfsacanada.com\/fr\/notre-entreprise\/a-propos\/\" class=\"nav-link\">\u00c0 propos<\/a><\/li>\n<li id=\"menu-item-75\" class=\"nav-item menu-item menu-item-type-post_type menu-item-object-page menu-item-75\"><a title=\"Carri\u00e8res\" href=\"https:\/\/jfsacanada.com\/fr\/carrieres\/\" class=\"nav-link\">Carri\u00e8res<\/a><\/li>\n<li id=\"menu-item-77\" class=\"nav-item menu-item menu-item-type-post_type menu-item-object-page menu-item-77\"><a title=\"Logiciels\" href=\"https:\/\/jfsacanada.com\/fr\/produits\/logiciels\/\" class=\"nav-link\">Logiciels<\/a><\/li>\n<li id=\"menu-item-2428\" class=\"nav-item menu-item menu-item-type-post_type menu-item-object-page menu-item-2428\"><a title=\"Services\" href=\"https:\/\/jfsacanada.com\/fr\/services\/\" class=\"nav-link\">Services<\/a><\/li>\n<li id=\"menu-item-2430\" class=\"nav-item menu-item menu-item-type-post_type menu-item-object-page menu-item-2430\"><a title=\"Notre \u00e9quipe\" href=\"https:\/\/jfsacanada.com\/fr\/notre-entreprise\/notre-equipe\/\" class=\"nav-link\">Notre \u00e9quipe<\/a><\/li>\n<\/ul><\/div><\/div>\n<\/p><\/div>\n<p><!-- \/lc-block -->\n\t\t\t<\/div>\n<p><!-- \/col -->\n\t\t<\/div>\n<\/p><\/div>\n<\/section>\n","protected":false},"excerpt":{"rendered":"<p>JFSA poss\u00e8de une vaste exp\u00e9rience en mati\u00e8re de mod\u00e9lisation des cours d&rsquo;eau et de d\u00e9limitation des plaines inondables. Nous fournissons des services de haute qualit\u00e9 aux clients publics et priv\u00e9s gr\u00e2ce \u00e0 des logiciels avanc\u00e9s et \u00e0 un personnel professionnel et exp\u00e9riment\u00e9. ANALYSE DE PLAINES INONDABLES \u2022 D\u00e9veloppement de mod\u00e8les hydrauliques 1D et 2D \u00e0 [&hellip;]<\/p>\n","protected":false},"author":2,"featured_media":0,"parent":0,"menu_order":3,"comment_status":"closed","ping_status":"closed","template":"","meta":{"_acf_changed":false,"footnotes":""},"class_list":["post-1478","page","type-page","status-publish","hentry"],"acf":[],"aioseo_notices":[],"_links":{"self":[{"href":"https:\/\/jfsacanada.com\/fr\/wp-json\/wp\/v2\/pages\/1478","targetHints":{"allow":["GET"]}}],"collection":[{"href":"https:\/\/jfsacanada.com\/fr\/wp-json\/wp\/v2\/pages"}],"about":[{"href":"https:\/\/jfsacanada.com\/fr\/wp-json\/wp\/v2\/types\/page"}],"author":[{"embeddable":true,"href":"https:\/\/jfsacanada.com\/fr\/wp-json\/wp\/v2\/users\/2"}],"replies":[{"embeddable":true,"href":"https:\/\/jfsacanada.com\/fr\/wp-json\/wp\/v2\/comments?post=1478"}],"version-history":[{"count":15,"href":"https:\/\/jfsacanada.com\/fr\/wp-json\/wp\/v2\/pages\/1478\/revisions"}],"predecessor-version":[{"id":2725,"href":"https:\/\/jfsacanada.com\/fr\/wp-json\/wp\/v2\/pages\/1478\/revisions\/2725"}],"wp:attachment":[{"href":"https:\/\/jfsacanada.com\/fr\/wp-json\/wp\/v2\/media?parent=1478"}],"curies":[{"name":"wp","href":"https:\/\/api.w.org\/{rel}","templated":true}]}}