{"id":1629,"date":"2021-05-05T14:24:45","date_gmt":"2021-05-05T18:24:45","guid":{"rendered":"https:\/\/jfsacanada.com\/?page_id=1629"},"modified":"2021-05-07T12:18:18","modified_gmt":"2021-05-07T16:18:18","slug":"instrumentation","status":"publish","type":"page","link":"https:\/\/jfsacanada.com\/fr\/produits\/instrumentation\/","title":{"rendered":"INSTRUMENTATION"},"content":{"rendered":"<section>\n<div class=\"container\">\n<div class=\"row\">\n<div class=\"col-md-12\">\n<div class=\"lc-block\">\n<div editable=\"rich\">\n<p>Pour tous ces services d\u2019instrumentation, JFSA vous offre un acc\u00e8s 7 jours sur 7, 24 heures sur 24, \u00e0 son portail, lequel vous permet d\u2019acc\u00e9der directement \u00e0 vos donn\u00e9es, de conna\u00eetre instantan\u00e9ment la p\u00e9riode de retour d\u2019un \u00e9v\u00e9nement de pluie ainsi que sa dur\u00e9e, ce qui vous donne un aper\u00e7u concret des mesures \u00e0 prendre. Ce service IDF en temps r\u00e9el, unique au Canada, n\u2019emp\u00eache pas les dommages mais vous procure une longueur d\u2019avance pour la pr\u00e9paration de barricades, de pompage ponctuel et dans l\u2019affectation appropri\u00e9e des \u00e9quipes de pr\u00e9vention. De plus, vous conservez un acc\u00e8s \u00e0 vie et illimit\u00e9 de toutes vos donn\u00e9es accumul\u00e9es durant la p\u00e9riode du contrat.<\/p>\n<\/p><\/div>\n<\/p><\/div>\n<p><!-- \/lc-block -->\n\t\t\t<\/div>\n<p><!-- \/col -->\n\t\t<\/div>\n<\/p><\/div>\n<\/section>\n<section>\n<div class=\"container-fluid p-0\">\n<div class=\"row no-gutters\">\n<div lc-helper=\"background\" class=\"col-lg-6 order-lg-2 \" style=\"min-height: 45vh; background-size: cover; background-position: center; background-image: url('https:\/\/jfsacanada.com\/wp-content\/uploads\/2021\/05\/istockphoto-474958283-612x612-1.jpg\"><\/div>\n<div class=\"col-lg-6 order-lg-1 my-auto px-5 py-5\">\n<div class=\"lc-block\">\n<div editable=\"rich\" class=\"lead\">\n<h1>PLUVIOM\u00c9TRIE<\/h1>\n<p>La mesure des pr\u00e9cipitations peut pr\u00e9venir des probl\u00e8mes \u00e9ventuels de d\u00e9bordements d\u2019\u00e9gouts et\/ou aider \u00e0 les documenter. Ces \u00e9quipements permettent, entre autres, de r\u00e9cup\u00e9rer les statistiques en cas de r\u00e9clamations li\u00e9es \u00e0 des refoulements d\u2019\u00e9gouts ou encore celles n\u00e9cessaires \u00e0 l\u2019\u00e9tablissement d\u2019une base de donn\u00e9es locales (servant pour les plans directeurs, la mod\u00e9lisation des r\u00e9seaux pluviaux et sanitaires, les mesures compensatoires, l\u2019\u00e9tablissement des p\u00e9riodes de retour et dur\u00e9es, etc.). Nous vous offrons des \u00e9quipements fiables tels que pluviom\u00e8tres, enregistreurs de donn\u00e9es, modem, etc..&nbsp;&nbsp;<\/p>\n<\/p><\/div>\n<\/p><\/div>\n<\/p><\/div>\n<\/p><\/div>\n<div class=\"row no-gutters\">\n<div lc-helper=\"background\" class=\"col-lg-6\" style=\"min-height: 45vh; background-size: cover;background-position: center; background-image: url('https:\/\/images.unsplash.com\/photo-1562722759-51a5411a7a6f?crop=entropy&amp;cs=tinysrgb&amp;fit=crop&amp;fm=jpg&amp;ixid=MnwzNzg0fDB8MXxzZWFyY2h8NXx8c25vd3Bsb3d8ZW58MHwwfHx8MTYyMDQwMzE2OQ&amp;ixlib=rb-1.2.1&amp;q=80&amp;w=1080&amp;h=768');\">\n\t\t\t<\/div>\n<div class=\"col-lg-6 my-auto px-5 py-5\">\n<div class=\"lc-block\">\n<div editable=\"rich\" class=\"lead\">\n<h1>NIVOM\u00c9TRIE<\/h1>\n<p>Le vent peut parfois causer des dommages importants aux infrastructures et aux b\u00e2timents. Sa mesure permet, \u00e0 l\u2019occasion, d\u2019\u00e9viter le pire. Nos \u00e9quipements permettent de le mesurer \u00e0 peu de frais. Ainsi, vous avec un meilleur portrait de leur impact sur les refoulements d\u2019\u00e9gouts d\u00fbs \u00e0 des arr\u00eats de pompes et, par cons\u00e9quent, une meilleure protection face \u00e0 d\u2019\u00e9ventuelles r\u00e9clamations. Vous pouvez aussi mieux documenter les situations probl\u00e9matiques d\u2019odeurs et\/ou de fum\u00e9e en provenance d\u2019installations industrielles.<\/p>\n<\/p><\/div>\n<\/p><\/div>\n<\/p><\/div>\n<\/p><\/div>\n<\/p><\/div>\n<\/section>\n<section>\n<div class=\"container-fluid p-0\">\n<div class=\"row no-gutters\">\n<div lc-helper=\"background\" class=\"col-lg-6 order-lg-2 \" style=\"min-height: 45vh; background-size: cover; background-position: center; background-image: url('https:\/\/jfsacanada.com\/wp-content\/uploads\/2021\/04\/weatherstation-1.jpg\"><\/div>\n<div class=\"col-lg-6 order-lg-1 my-auto px-5 py-5\">\n<div class=\"lc-block\">\n<div editable=\"rich\" class=\"lead\">\n<h1>AN\u00c9MOM\u00c9TRIE<\/h1>\n<p>Le vent peut parfois causer des dommages importants aux infrastructures et aux b\u00e2timents. Sa mesure permet, \u00e0 l\u2019occasion, d\u2019\u00e9viter le pire. Nos \u00e9quipements permettent de le mesurer \u00e0 peu de frais. Ainsi, vous avec un meilleur portrait de leur impact sur les refoulements d\u2019\u00e9gouts d\u00fbs \u00e0 des arr\u00eats de pompes et, par cons\u00e9quent, une meilleure protection face \u00e0 d\u2019\u00e9ventuelles r\u00e9clamations. Vous pouvez aussi mieux documenter les situations probl\u00e9matiques d\u2019odeurs et\/ou de fum\u00e9e en provenance d\u2019installations industrielles.<\/p>\n<\/p><\/div>\n<\/p><\/div>\n<\/p><\/div>\n<\/p><\/div>\n<div class=\"row no-gutters\">\n<div lc-helper=\"background\" class=\"col-lg-6\" style=\"min-height: 45vh; background-size: cover;background-position: center; background-image: url('https:\/\/jfsacanada.com\/wp-content\/uploads\/2021\/05\/IMG_0972.jpg');\">\n\t\t\t<\/div>\n<div class=\"col-lg-6 my-auto px-5 py-5\">\n<div class=\"lc-block\">\n<div editable=\"rich\" class=\"lead\">\n<h1>HYDROM\u00c9TRIE<\/h1>\n<p>Nous assistons r\u00e9guli\u00e8rement notre client\u00e8le afin de d\u00e9terminer avec pr\u00e9cision les niveaux d\u2019eau ou les d\u00e9bits de cours d\u2019eau, d\u2019\u00e9gouts ou toute autre installation reli\u00e9e \u00e0 ces ouvrages. Ces mesures permettent la calibration de diff\u00e9rents mod\u00e8les, pour l\u2019\u00e9tablissement des courbes de tarage. Ainsi, en mesurant les d\u00e9bits, nous r\u00e9ussissons \u00e0 \u00e9tablir les niveaux d\u2019eau et \u00e0 les compiler en temps r\u00e9el, ce qui permet aussi d\u2019\u00e9tablir les cotes d\u2019inondation. Ces mesures peuvent aussi servir \u00e0 la construction de diff\u00e9rentes mesures de protection et d\u2019immunisation des infrastructures. L\u2019expertise de JFSA permet de r\u00e9aliser ces mesures dans les r\u00e8gles de l\u2019art tout en contr\u00f4lant les co\u00fbts reli\u00e9s \u00e0 ces mesures.<\/p>\n<\/p><\/div>\n<\/p><\/div>\n<\/p><\/div>\n<\/p><\/div>\n<\/p><\/div>\n<\/section>\n","protected":false},"excerpt":{"rendered":"<p>Pour tous ces services d\u2019instrumentation, JFSA vous offre un acc\u00e8s 7 jours sur 7, 24 heures sur 24, \u00e0 son portail, lequel vous permet d\u2019acc\u00e9der directement \u00e0 vos donn\u00e9es, de conna\u00eetre instantan\u00e9ment la p\u00e9riode de retour d\u2019un \u00e9v\u00e9nement de pluie ainsi que sa dur\u00e9e, ce qui vous donne un aper\u00e7u concret des mesures \u00e0 prendre. [&hellip;]<\/p>\n","protected":false},"author":2,"featured_media":0,"parent":1169,"menu_order":0,"comment_status":"closed","ping_status":"closed","template":"page-templates\/empty.php","meta":{"_acf_changed":false,"footnotes":""},"class_list":["post-1629","page","type-page","status-publish","hentry"],"acf":[],"aioseo_notices":[],"_links":{"self":[{"href":"https:\/\/jfsacanada.com\/fr\/wp-json\/wp\/v2\/pages\/1629","targetHints":{"allow":["GET"]}}],"collection":[{"href":"https:\/\/jfsacanada.com\/fr\/wp-json\/wp\/v2\/pages"}],"about":[{"href":"https:\/\/jfsacanada.com\/fr\/wp-json\/wp\/v2\/types\/page"}],"author":[{"embeddable":true,"href":"https:\/\/jfsacanada.com\/fr\/wp-json\/wp\/v2\/users\/2"}],"replies":[{"embeddable":true,"href":"https:\/\/jfsacanada.com\/fr\/wp-json\/wp\/v2\/comments?post=1629"}],"version-history":[{"count":4,"href":"https:\/\/jfsacanada.com\/fr\/wp-json\/wp\/v2\/pages\/1629\/revisions"}],"predecessor-version":[{"id":1698,"href":"https:\/\/jfsacanada.com\/fr\/wp-json\/wp\/v2\/pages\/1629\/revisions\/1698"}],"up":[{"embeddable":true,"href":"https:\/\/jfsacanada.com\/fr\/wp-json\/wp\/v2\/pages\/1169"}],"wp:attachment":[{"href":"https:\/\/jfsacanada.com\/fr\/wp-json\/wp\/v2\/media?parent=1629"}],"curies":[{"name":"wp","href":"https:\/\/api.w.org\/{rel}","templated":true}]}}