{"id":1650,"date":"2021-05-06T10:37:17","date_gmt":"2021-05-06T14:37:17","guid":{"rendered":"https:\/\/jfsacanada.com\/produits\/logiciels\/telechargements-de-logiciels\/"},"modified":"2024-04-18T08:40:24","modified_gmt":"2024-04-18T12:40:24","slug":"telechargements-de-logiciels","status":"publish","type":"page","link":"https:\/\/jfsacanada.com\/fr\/produits\/telechargements-de-logiciels\/","title":{"rendered":"T\u00e9l\u00e9chargements de logiciels"},"content":{"rendered":"<section>\n<div class=\"container text-primary bg-secondary\">\n<div class=\"row\">\n<div class=\"col-md-12\">\n<div class=\"lc-block text-center\">\n\t\t\t\t\t<img decoding=\"async\" class=\"img-fluid\" src=\"https:\/\/jfsacanada.com\/wp-content\/uploads\/2021\/04\/software_banner.jpg\">\n\t\t\t\t<\/div>\n<p><!-- \/lc-block -->\n\t\t\t<\/div>\n<p><!-- \/col -->\n\t\t<\/div>\n<\/p><\/div>\n<\/section>\n<section>\n<div class=\"container\">\n<div class=\"row\">\n<div class=\"col-md-3\">\n\t\t\t\t<!-- \/lc-block -->\n\t\t\t<\/div>\n<p><!-- \/col --><\/p>\n<div class=\"col-md-9\">\n<div class=\"lc-block\">\n<div editable=\"rich\">\n<p>Pour t\u00e9l\u00e9charger un fichier, cliquez simplement sur le lien \u00ab\u00a0DOWNLOAD NOW\u00a0\u00bb ci-dessous et enregistrez-le sur votre disque dur. Une fois le t\u00e9l\u00e9chargement termin\u00e9, ex\u00e9cutez le fichier .EXE sauvegard\u00e9 qui d\u00e9compressera les fichiers d&rsquo;installation sur votre disque dur. Pour installer le programme, ex\u00e9cutez le fichier SETUP.EXE et suivez les instructions \u00e0 l&rsquo;\u00e9cran. Des informations suppl\u00e9mentaires peuvent \u00eatre trouv\u00e9es dans le fichier READ.ME associ\u00e9.<\/p>\n<\/p><\/div>\n<\/p><\/div>\n<p><!-- \/lc-block -->\n\t\t\t<\/div>\n<p><!-- \/col -->\n\t\t<\/div>\n<\/p><\/div>\n<\/section>\n<section>\n<div class=\"container\"><\/div>\n<\/section>\n<section>\n<div class=\"container\"><\/div>\n<\/section>\n<section>\n<div class=\"container\"><\/div>\n<\/section>\n<section>\n<div class=\"container\"><\/div>\n<\/section>\n<section>\n<div class=\"container\"><\/div>\n<\/section>\n<section>\n<div class=\"container\"><\/div>\n<\/section>\n<section>\n<div class=\"container\">\n<div class=\"row\">\n<div class=\"col-md-3\">\n<div class=\"lc-block\">\n\t\t\t\t\t<img decoding=\"async\" class=\"img-fluid\" src=\"https:\/\/jfsacanada.com\/wp-content\/uploads\/2019\/11\/swmhymo_disc.jpg\" alt=\"SWMHYMO\">\n\t\t\t\t<\/div>\n<p><!-- \/lc-block -->\n\t\t\t<\/div>\n<p><!-- \/col --><\/p>\n<div class=\"col-md-9\">\n<div class=\"lc-block\">\n<div editable=\"rich\">\n<h2>SWMHYMO DEMO<\/h2>\n<p>Veuillez cliquer sur le lien ci-dessous pour t\u00e9l\u00e9charger la derni\u00e8re d\u00e9mo.<\/p>\n<\/p><\/div>\n<\/p><\/div>\n<div class=\"col-md-9\">\n<div class=\"lc-block\">\n<div editable=\"rich\">\n<p>\t\t\t\t\t\t\t<a class=\"btn btn-primary\" href=\"https:\/\/jfsacanada.com\/wp-content\/uploads\/2024\/04\/SWMHYMO-5.5.zip\" role=\"button\">T\u00c9L\u00c9CHARGER MAINTENANT<\/a>\n\t\t\t\t\t\t<\/div>\n<\/p><\/div>\n<p><!-- \/<!-- \/lc-block -->\n\t\t\t\t<\/div>\n<p><!-- \/col -->\n\t\t\t<\/div>\n<\/p><\/div>\n<div class=\"row\">\n<div class=\"col-md-3\">\n<div class=\"lc-block\">\n\t\t\t\t\t<img decoding=\"async\" class=\"img-fluid\" src=\"https:\/\/jfsacanada.com\/wp-content\/uploads\/2019\/11\/storms_disc.jpg\" alt=\"STORMS 2010\">\n\t\t\t\t<\/div>\n<p><!-- \/lc-block -->\n\t\t\t<\/div>\n<p><!-- \/col --><\/p>\n<div class=\"col-md-9\">\n<div class=\"lc-block\">\n<div editable=\"rich\">\n<h2>STORMS 2010 DEMO<\/h2>\n<p>Veuillez cliquer sur le lien ci-dessous pour t\u00e9l\u00e9charger la derni\u00e8re d\u00e9mo.<\/p>\n<\/p><\/div>\n<div class=\"col-md-9\">\n<div class=\"lc-block\">\n<div editable=\"rich\">\n<p>\t\t\t\t\t\t\t\t<a class=\"btn btn-primary\" href=\"https:\/\/jfsacanada.com\/wp-content\/uploads\/2024\/04\/STORMS2010.zip\" role=\"button\">T\u00c9L\u00c9CHARGER MAINTENANT<\/a>\n\t\t\t\t\t\t\t<\/div>\n<\/p><\/div>\n<p><!-- \/<!-- \/lc-block -->\n\t\t\t\t\t<\/div>\n<p><!-- \/lc-block -->\n\t\t\t\t<\/div>\n<p><!-- \/col -->\n\t\t\t<\/div>\n<\/p><\/div>\n<\/p><\/div>\n<\/section>\n<section>\n<div class=\"container\">\n<div class=\"row\">\n<div class=\"col-md-3\">\n<div class=\"lc-block\">\n\t\t\t\t\t<img decoding=\"async\" class=\"img-fluid\" src=\"https:\/\/jfsacanada.com\/wp-content\/uploads\/2019\/11\/plothyd_disc.jpg\" alt=\"PLOTHYD\">\n\t\t\t\t<\/div>\n<p><!-- \/lc-block -->\n\t\t\t<\/div>\n<p><!-- \/col --><\/p>\n<div class=\"col-md-9\">\n<div class=\"lc-block\">\n<div editable=\"rich\">\n<h2>PLOTHYD DEMO<\/h2>\n<p>Veuillez cliquer sur le lien ci-dessous pour t\u00e9l\u00e9charger la derni\u00e8re d\u00e9mo.<\/p>\n<\/p><\/div>\n<div class=\"col-md-9\">\n<div class=\"lc-block\">\n<div editable=\"rich\">\n<p>\t\t\t\t\t\t\t\t<a class=\"btn btn-primary\" href=\"https:\/\/jfsacanada.com\/wp-content\/uploads\/2024\/04\/plothyd.zip\" role=\"button\">T\u00c9L\u00c9CHARGER MAINTENANT<\/a>\n\t\t\t\t\t\t\t<\/div>\n<\/p><\/div>\n<\/p><\/div>\n<p><!-- \/lc-block -->\n\t\t\t\t<\/div>\n<p><!-- \/col -->\n\t\t\t<\/div>\n<\/p><\/div>\n<div class=\"row\">\n<div class=\"col-md-3\">\n<div class=\"lc-block\">\n\t\t\t\t\t<img decoding=\"async\" class=\"img-fluid\" src=\"https:\/\/jfsacanada.com\/wp-content\/uploads\/2019\/11\/mannings_disc.jpg\" alt=\"MANNINGSS CALCULATOR\">\n\t\t\t\t<\/div>\n<p><!-- \/lc-block -->\n\t\t\t<\/div>\n<p><!-- \/col --><\/p>\n<div class=\"col-md-9\">\n<div class=\"lc-block\">\n<div editable=\"rich\">\n<h2>MANNING&rsquo;S CALCULATOR DEMO<\/h2>\n<p>Veuillez cliquer sur le lien ci-dessous pour t\u00e9l\u00e9charger la derni\u00e8re d\u00e9mo.<\/p>\n<\/p><\/div>\n<div class=\"col-md-9\">\n<div class=\"lc-block\">\n<div editable=\"rich\">\n<p>\t\t\t\t\t\t\t\t<a class=\"btn btn-primary\" href=\"https:\/\/jfsacanada.com\/wp-content\/uploads\/2024\/04\/mancalc.zip\" role=\"button\">T\u00c9L\u00c9CHARGER MAINTENANT<\/a>\n\t\t\t\t\t\t\t<\/div>\n<\/p><\/div>\n<p><!-- \/<!-- \/lc-block -->\n\t\t\t\t\t<\/div>\n<p><!-- \/lc-block -->\n\t\t\t\t<\/div>\n<p><!-- \/col -->\n\t\t\t<\/div>\n<\/p><\/div>\n<\/p><\/div>\n<\/section>\n<section>\n<div class=\"container\"><\/div>\n<\/section>\n<section>\n<div class=\"container\"><\/div>\n<\/section>\n","protected":false},"excerpt":{"rendered":"<p>Pour t\u00e9l\u00e9charger un fichier, cliquez simplement sur le lien \u00ab\u00a0DOWNLOAD NOW\u00a0\u00bb ci-dessous et enregistrez-le sur votre disque dur. Une fois le t\u00e9l\u00e9chargement termin\u00e9, ex\u00e9cutez le fichier .EXE sauvegard\u00e9 qui d\u00e9compressera les fichiers d&rsquo;installation sur votre disque dur. Pour installer le programme, ex\u00e9cutez le fichier SETUP.EXE et suivez les instructions \u00e0 l&rsquo;\u00e9cran. Des informations suppl\u00e9mentaires peuvent [&hellip;]<\/p>\n","protected":false},"author":2,"featured_media":0,"parent":1169,"menu_order":0,"comment_status":"closed","ping_status":"closed","template":"","meta":{"_acf_changed":false,"footnotes":""},"class_list":["post-1650","page","type-page","status-publish","hentry"],"acf":[],"aioseo_notices":[],"_links":{"self":[{"href":"https:\/\/jfsacanada.com\/fr\/wp-json\/wp\/v2\/pages\/1650","targetHints":{"allow":["GET"]}}],"collection":[{"href":"https:\/\/jfsacanada.com\/fr\/wp-json\/wp\/v2\/pages"}],"about":[{"href":"https:\/\/jfsacanada.com\/fr\/wp-json\/wp\/v2\/types\/page"}],"author":[{"embeddable":true,"href":"https:\/\/jfsacanada.com\/fr\/wp-json\/wp\/v2\/users\/2"}],"replies":[{"embeddable":true,"href":"https:\/\/jfsacanada.com\/fr\/wp-json\/wp\/v2\/comments?post=1650"}],"version-history":[{"count":3,"href":"https:\/\/jfsacanada.com\/fr\/wp-json\/wp\/v2\/pages\/1650\/revisions"}],"predecessor-version":[{"id":2740,"href":"https:\/\/jfsacanada.com\/fr\/wp-json\/wp\/v2\/pages\/1650\/revisions\/2740"}],"up":[{"embeddable":true,"href":"https:\/\/jfsacanada.com\/fr\/wp-json\/wp\/v2\/pages\/1169"}],"wp:attachment":[{"href":"https:\/\/jfsacanada.com\/fr\/wp-json\/wp\/v2\/media?parent=1650"}],"curies":[{"name":"wp","href":"https:\/\/api.w.org\/{rel}","templated":true}]}}