{"id":2436,"date":"2023-10-24T14:07:16","date_gmt":"2023-10-24T18:07:16","guid":{"rendered":"https:\/\/jfsacanada.com\/?page_id=2436"},"modified":"2024-04-15T13:29:17","modified_gmt":"2024-04-15T17:29:17","slug":"donnees-hydrologiques-et-climatiques","status":"publish","type":"page","link":"https:\/\/jfsacanada.com\/fr\/donnees-hydrologiques-et-climatiques\/","title":{"rendered":"DONN\u00c9ES HYDROLOGIQUES ET CLIMATIQUES"},"content":{"rendered":"<div class=\"container\" style=\"padding-top: 10vh;padding-bottom:10vh\">\n<div class=\"row align-items-center px-2\">\n<div class=\"col-12 col-md-7 col-lg-6\">\n<div class=\"lc-block mb-4\">\n<div editable=\"rich\">\n<h6>JFSA utilise des technologies modernes et des logiciels avanc\u00e9s pour tous ses projets, avec une expertise en g\u00e9omatique, en cartographie, en bilans hydriques et en hydrologie. JFSA est le d\u00e9veloppeur et propri\u00e9taire de SWMHYMO, ainsi que de nombreux autres programmes favorisant l&rsquo;efficacit\u00e9 dans les projets et venant en compl\u00e9ment des pratiques courantes. <\/p>\n<\/p>\n<\/h6>\n<h5>SERVICES D&rsquo;HYDROLOGIE <\/h5>\n<p>\u2022 Mod\u00e9lisation hydrologique \u00e0 l&rsquo;aide de logiciels tels que SWMHYMO et PCSWMM<br \/>\u2022 Plans directeurs de drainage et \u00e9tudes de gestion des bassins versants<br \/>\u2022 Analyse du bilan des eaux de surface<\/p>\n<\/p>\n<h5>ANALYSES CLIMATIQUES <\/h5>\n<p>\t\t\t\t\t\u2022 \u00c9tudes sur l&rsquo;adaptation au changement climatique<br \/>\u2022 Analyse statistique de la fr\u00e9quence des inondations<br \/>\u2022 \u00c9tudes de gestion des plaines inondables<br \/>\u2022 D\u00e9limitation de zones de protection des sources d&rsquo;eau<br \/>\u2022 Analyse de pr\u00e9cipitations et d\u00e9rivation de pluies synth\u00e9tiques<br \/>\u2022 Syst\u00e8me d&rsquo;alerte permanente en cas de fortes pluies (avec indication de la p\u00e9riode de retour)<\/p>\n<p>&nbsp;&nbsp;<\/p>\n<\/p><\/div>\n<\/p><\/div>\n<\/p><\/div>\n<div class=\"col-12 col-md-5 col-lg-6\">\n<div class=\"lc-block\"><img decoding=\"async\" alt=\"\" class=\"img-fluid mx-auto d-block\" src=\"https:\/\/jfsacanada.com\/wp-content\/uploads\/2023\/01\/IMG_5548-1.jpg\"><\/div>\n<\/p><\/div>\n<\/p><\/div>\n<\/div>\n<section id=\"global-footer\" class=\"topfooter_container d-none d-md-block\">\n<div class=\"container\">\n<div class=\"row\">\n<div class=\"col-md-3\">\n<div class=\"lc-block\">\n<div lc-helper=\"shortcode\" class=\"live-shortcode\"><img loading=\"lazy\" decoding=\"async\" width=\"893\" height=\"317\" src=\"https:\/\/jfsacanada.com\/wp-content\/uploads\/2024\/04\/logo_JFSA_CANADA_rgb_blue2colours_no-text-e1713540713979.jpg\" class=\"custom-logo\" alt=\"JFSA Canada Inc.\" \/><\/div>\n<\/p><\/div>\n<p><!-- \/lc-block --><br \/>\n\t\t\t\t<!-- \/lc-block -->\n\t\t\t<\/div>\n<p><!-- \/col --><\/p>\n<div class=\"col-md-9\">\n<div class=\"lc-block\">\n<div lc-helper=\"shortcode\" class=\"live-shortcode\"><div class=\"menu-footer-menu-fr-container\"><ul id=\"menu-footer-menu-fr\" class=\"navbar\"><li id=\"menu-item-2429\" class=\"nav-item menu-item menu-item-type-custom menu-item-object-custom menu-item-2429\"><a title=\"Accueil\" href=\"https:\/\/www.jfsa.com\/\" class=\"nav-link\">Accueil<\/a><\/li>\n<li id=\"menu-item-71\" class=\"nav-item menu-item menu-item-type-post_type menu-item-object-page menu-item-71\"><a title=\"\u00c0 propos\" href=\"https:\/\/jfsacanada.com\/fr\/notre-entreprise\/a-propos\/\" class=\"nav-link\">\u00c0 propos<\/a><\/li>\n<li id=\"menu-item-75\" class=\"nav-item menu-item menu-item-type-post_type menu-item-object-page menu-item-75\"><a title=\"Carri\u00e8res\" href=\"https:\/\/jfsacanada.com\/fr\/carrieres\/\" class=\"nav-link\">Carri\u00e8res<\/a><\/li>\n<li id=\"menu-item-77\" class=\"nav-item menu-item menu-item-type-post_type menu-item-object-page menu-item-77\"><a title=\"Logiciels\" href=\"https:\/\/jfsacanada.com\/fr\/produits\/logiciels\/\" class=\"nav-link\">Logiciels<\/a><\/li>\n<li id=\"menu-item-2428\" class=\"nav-item menu-item menu-item-type-post_type menu-item-object-page menu-item-2428\"><a title=\"Services\" href=\"https:\/\/jfsacanada.com\/fr\/services\/\" class=\"nav-link\">Services<\/a><\/li>\n<li id=\"menu-item-2430\" class=\"nav-item menu-item menu-item-type-post_type menu-item-object-page menu-item-2430\"><a title=\"Notre \u00e9quipe\" href=\"https:\/\/jfsacanada.com\/fr\/notre-entreprise\/notre-equipe\/\" class=\"nav-link\">Notre \u00e9quipe<\/a><\/li>\n<\/ul><\/div><\/div>\n<\/p><\/div>\n<p><!-- \/lc-block -->\n\t\t\t<\/div>\n<p><!-- \/col -->\n\t\t<\/div>\n<\/p><\/div>\n<\/section>\n","protected":false},"excerpt":{"rendered":"<p>JFSA utilise des technologies modernes et des logiciels avanc\u00e9s pour tous ses projets, avec une expertise en g\u00e9omatique, en cartographie, en bilans hydriques et en hydrologie. JFSA est le d\u00e9veloppeur et propri\u00e9taire de SWMHYMO, ainsi que de nombreux autres programmes favorisant l&rsquo;efficacit\u00e9 dans les projets et venant en compl\u00e9ment des pratiques courantes. SERVICES D&rsquo;HYDROLOGIE \u2022 [&hellip;]<\/p>\n","protected":false},"author":2,"featured_media":0,"parent":0,"menu_order":0,"comment_status":"closed","ping_status":"closed","template":"","meta":{"_acf_changed":false,"footnotes":""},"class_list":["post-2436","page","type-page","status-publish","hentry"],"acf":[],"aioseo_notices":[],"_links":{"self":[{"href":"https:\/\/jfsacanada.com\/fr\/wp-json\/wp\/v2\/pages\/2436","targetHints":{"allow":["GET"]}}],"collection":[{"href":"https:\/\/jfsacanada.com\/fr\/wp-json\/wp\/v2\/pages"}],"about":[{"href":"https:\/\/jfsacanada.com\/fr\/wp-json\/wp\/v2\/types\/page"}],"author":[{"embeddable":true,"href":"https:\/\/jfsacanada.com\/fr\/wp-json\/wp\/v2\/users\/2"}],"replies":[{"embeddable":true,"href":"https:\/\/jfsacanada.com\/fr\/wp-json\/wp\/v2\/comments?post=2436"}],"version-history":[{"count":3,"href":"https:\/\/jfsacanada.com\/fr\/wp-json\/wp\/v2\/pages\/2436\/revisions"}],"predecessor-version":[{"id":2726,"href":"https:\/\/jfsacanada.com\/fr\/wp-json\/wp\/v2\/pages\/2436\/revisions\/2726"}],"wp:attachment":[{"href":"https:\/\/jfsacanada.com\/fr\/wp-json\/wp\/v2\/media?parent=2436"}],"curies":[{"name":"wp","href":"https:\/\/api.w.org\/{rel}","templated":true}]}}