{"id":2439,"date":"2023-10-24T14:10:25","date_gmt":"2023-10-24T18:10:25","guid":{"rendered":"https:\/\/jfsacanada.com\/?page_id=2439"},"modified":"2024-04-15T13:29:50","modified_gmt":"2024-04-15T17:29:50","slug":"gestion-des-eaux-pluviales-urbaines","status":"publish","type":"page","link":"https:\/\/jfsacanada.com\/fr\/gestion-des-eaux-pluviales-urbaines\/","title":{"rendered":"GESTION DES EAUX PLUVIALES URBAINES"},"content":{"rendered":"<section>\n<div class=\"container\" style=\"padding-top: 10vh;padding-bottom:10vh\">\n<div class=\"row align-items-center px-2\">\n<div class=\"col-12 col-md-7 col-lg-6\">\n<div class=\"lc-block mb-4\">\n<div editable=\"rich\">\n<h6>JFSA est sp\u00e9cialis\u00e9e dans la mod\u00e9lisation et l&rsquo;analyse du drainage urbain pour de grands bassins versants et des terrains individuels. L&rsquo;exp\u00e9rience et les capacit\u00e9s de recherche de JFSA lui permettent de d\u00e9velopper des solutions de pointe et innovantes aux probl\u00e8mes de drainage urbain, y compris l&rsquo;utilisation de mesures de d\u00e9veloppement \u00e0 faible impact (LID).&nbsp;<\/p>\n<\/p>\n<\/h6>\n<h5>QUALIT\u00c9 DE L&rsquo;EAU ET LUTTE CONTRE L&rsquo;\u00c9ROSION <\/h5>\n<p>\u2022 Consid\u00e9ration de la qualit\u00e9 des eaux pluviales et du contr\u00f4le de l\u2019\u00e9rosion dans la conception de bassins de r\u00e9tention d\u2019eaux pluviales<br \/>\u2022 \u00c9tudes de mis \u00e0 jour de la gestion des eaux pluviales<br \/>\u2022 D\u00e9termination des causes d&rsquo;\u00e9rosion des rivi\u00e8res et des ruisseaux<br \/>\u2022 Analyse et d\u00e9termination des meilleures pratiques de gestion (BMP) sp\u00e9cifiques \u00e0 chaque site<br \/>\u2022 Conception et analyse de performance des syst\u00e8mes de d\u00e9veloppement \u00e0 impact r\u00e9duit (LID)<\/p>\n<\/p>\n<h5>ANALYSE D\u2019INFRASTRUCTURES <\/h5>\n<p>\u2022 Conception de bassins de r\u00e9tention d\u2019eaux pluviales<br \/>\u2022 Analyse de surcharge des r\u00e9seaux d\u2019\u00e9gouts sanitaires et plans de gestion des d\u00e9bordements en cas d\u2019exc\u00e8s d&rsquo;infiltration\/d\u00e9bit<br \/>\u2022 Mod\u00e9lisation des syst\u00e8mes de drainage de surface et des r\u00e9seaux d&rsquo;\u00e9gouts \u00e0 l&rsquo;aide de logiciels tels que PCSWMM<\/p>\n<\/p>\n<p><\/p>\n<\/p><\/div>\n<\/p><\/div>\n<\/p><\/div>\n<div class=\"col-12 col-md-5 col-lg-6\">\n<div class=\"lc-block\"><img decoding=\"async\" alt=\"\" class=\"img-fluid mx-auto d-block\" src=\"https:\/\/jfsacanada.com\/wp-content\/uploads\/2023\/01\/IMG_5278.jpg\"><\/div>\n<\/p><\/div>\n<\/p><\/div>\n<\/p><\/div>\n<\/section>\n<section id=\"global-footer\" class=\"topfooter_container d-none d-md-block\">\n<div class=\"container\">\n<div class=\"row\">\n<div class=\"col-md-3\">\n<div class=\"lc-block\">\n<div lc-helper=\"shortcode\" class=\"live-shortcode\"><img loading=\"lazy\" decoding=\"async\" width=\"893\" height=\"317\" src=\"https:\/\/jfsacanada.com\/wp-content\/uploads\/2024\/04\/logo_JFSA_CANADA_rgb_blue2colours_no-text-e1713540713979.jpg\" class=\"custom-logo\" alt=\"JFSA Canada Inc.\" \/><\/div>\n<\/p><\/div>\n<p><!-- \/lc-block --><br \/>\n\t\t\t\t<!-- \/lc-block -->\n\t\t\t<\/div>\n<p><!-- \/col --><\/p>\n<div class=\"col-md-9\">\n<div class=\"lc-block\">\n<div lc-helper=\"shortcode\" class=\"live-shortcode\"><div class=\"menu-footer-menu-fr-container\"><ul id=\"menu-footer-menu-fr\" class=\"navbar\"><li id=\"menu-item-2429\" class=\"nav-item menu-item menu-item-type-custom menu-item-object-custom menu-item-2429\"><a title=\"Accueil\" href=\"https:\/\/www.jfsa.com\/\" class=\"nav-link\">Accueil<\/a><\/li>\n<li id=\"menu-item-71\" class=\"nav-item menu-item menu-item-type-post_type menu-item-object-page menu-item-71\"><a title=\"\u00c0 propos\" href=\"https:\/\/jfsacanada.com\/fr\/notre-entreprise\/a-propos\/\" class=\"nav-link\">\u00c0 propos<\/a><\/li>\n<li id=\"menu-item-75\" class=\"nav-item menu-item menu-item-type-post_type menu-item-object-page menu-item-75\"><a title=\"Carri\u00e8res\" href=\"https:\/\/jfsacanada.com\/fr\/carrieres\/\" class=\"nav-link\">Carri\u00e8res<\/a><\/li>\n<li id=\"menu-item-77\" class=\"nav-item menu-item menu-item-type-post_type menu-item-object-page menu-item-77\"><a title=\"Logiciels\" href=\"https:\/\/jfsacanada.com\/fr\/produits\/logiciels\/\" class=\"nav-link\">Logiciels<\/a><\/li>\n<li id=\"menu-item-2428\" class=\"nav-item menu-item menu-item-type-post_type menu-item-object-page menu-item-2428\"><a title=\"Services\" href=\"https:\/\/jfsacanada.com\/fr\/services\/\" class=\"nav-link\">Services<\/a><\/li>\n<li id=\"menu-item-2430\" class=\"nav-item menu-item menu-item-type-post_type menu-item-object-page menu-item-2430\"><a title=\"Notre \u00e9quipe\" href=\"https:\/\/jfsacanada.com\/fr\/notre-entreprise\/notre-equipe\/\" class=\"nav-link\">Notre \u00e9quipe<\/a><\/li>\n<\/ul><\/div><\/div>\n<\/p><\/div>\n<p><!-- \/lc-block -->\n\t\t\t<\/div>\n<p><!-- \/col -->\n\t\t<\/div>\n<\/p><\/div>\n<\/section>\n","protected":false},"excerpt":{"rendered":"<p>JFSA est sp\u00e9cialis\u00e9e dans la mod\u00e9lisation et l&rsquo;analyse du drainage urbain pour de grands bassins versants et des terrains individuels. L&rsquo;exp\u00e9rience et les capacit\u00e9s de recherche de JFSA lui permettent de d\u00e9velopper des solutions de pointe et innovantes aux probl\u00e8mes de drainage urbain, y compris l&rsquo;utilisation de mesures de d\u00e9veloppement \u00e0 faible impact (LID).&nbsp; QUALIT\u00c9 [&hellip;]<\/p>\n","protected":false},"author":2,"featured_media":0,"parent":0,"menu_order":0,"comment_status":"closed","ping_status":"closed","template":"","meta":{"_acf_changed":false,"footnotes":""},"class_list":["post-2439","page","type-page","status-publish","hentry"],"acf":[],"aioseo_notices":[],"_links":{"self":[{"href":"https:\/\/jfsacanada.com\/fr\/wp-json\/wp\/v2\/pages\/2439","targetHints":{"allow":["GET"]}}],"collection":[{"href":"https:\/\/jfsacanada.com\/fr\/wp-json\/wp\/v2\/pages"}],"about":[{"href":"https:\/\/jfsacanada.com\/fr\/wp-json\/wp\/v2\/types\/page"}],"author":[{"embeddable":true,"href":"https:\/\/jfsacanada.com\/fr\/wp-json\/wp\/v2\/users\/2"}],"replies":[{"embeddable":true,"href":"https:\/\/jfsacanada.com\/fr\/wp-json\/wp\/v2\/comments?post=2439"}],"version-history":[{"count":3,"href":"https:\/\/jfsacanada.com\/fr\/wp-json\/wp\/v2\/pages\/2439\/revisions"}],"predecessor-version":[{"id":2727,"href":"https:\/\/jfsacanada.com\/fr\/wp-json\/wp\/v2\/pages\/2439\/revisions\/2727"}],"wp:attachment":[{"href":"https:\/\/jfsacanada.com\/fr\/wp-json\/wp\/v2\/media?parent=2439"}],"curies":[{"name":"wp","href":"https:\/\/api.w.org\/{rel}","templated":true}]}}