{"id":2444,"date":"2023-10-24T14:13:11","date_gmt":"2023-10-24T18:13:11","guid":{"rendered":"https:\/\/jfsacanada.com\/?page_id=2444"},"modified":"2024-04-15T13:30:12","modified_gmt":"2024-04-15T17:30:12","slug":"surveillance-et-essais-sur-le-terrain","status":"publish","type":"page","link":"https:\/\/jfsacanada.com\/fr\/surveillance-et-essais-sur-le-terrain\/","title":{"rendered":"SURVEILLANCE ET ESSAIS SUR LE TERRAIN"},"content":{"rendered":"<section>\n<div class=\"container\" style=\"padding-top: 10vh;padding-bottom:10vh\">\n<div class=\"row align-items-center px-2\">\n<div class=\"col-12 col-md-7 col-lg-6\">\n<div class=\"lc-block mb-4\">\n<div editable=\"rich\">\n<h6>JFSA dispose de l&rsquo;expertise et de l&rsquo;\u00e9quipement n\u00e9cessaires pour effectuer des travaux de terrain sp\u00e9cialis\u00e9s ayant rapport aux cours d&rsquo;eau, aux pr\u00e9cipitations, \u00e0 l&rsquo;infiltration et au relev\u00e9 de terrain et de structures hydrauliques. <br \/><\/h6>\n<\/p>\n<h5>SERVICES DE SURVEILLANCE ET D\u2019ESSAIS SUR LE TERRAIN <\/h5>\n<p>\u2022 Installation et suivi de stations m\u00e9t\u00e9orologiques (pluie et neige)<br \/>\u2022 Installation et suivi de stations hydrom\u00e9triques<br \/>\u2022 Mesures hydrom\u00e9triques (hauteurs, vitesses et d\u00e9bits) en utilisant un profileur de courant \u00e0 effet Doppler (ADCP)<br \/>\u2022 Surveillance thermique<br \/>\u2022 Surveillance des d\u00e9bits des \u00e9gouts pluviaux et sanitaires<br \/>\u2022 Essais d&rsquo;infiltration dans le sol<br \/>\u2022 Essais d&rsquo;infiltration en surface<\/p>\n<\/p>\n<h5>RELEV\u00c9S ET INTERPR\u00c9TATION DE DONN\u00c9ES <\/h5>\n<p>\u2022 Int\u00e9gration de mod\u00e8les hydrologiques et hydrauliques \u00e0 l&rsquo;aide d&rsquo;interfaces SIG.<br \/>\u2022 Relev\u00e9 conventionnel de divers \u00e9l\u00e9ments (ponceaux, ponts, rivi\u00e8res, ruisseaux, terrain, etc.)<br \/>\u2022 \u00c9tude bathym\u00e9trique<br \/>\u2022 Relev\u00e9 conventionnel par GPS<br \/>\u2022 Interpr\u00e9tation et analyse des donn\u00e9es de t\u00e9l\u00e9d\u00e9tection<\/p>\n<\/p><\/div>\n<\/p><\/div>\n<\/p><\/div>\n<div class=\"col-12 col-md-5 col-lg-6\">\n<div class=\"lc-block\"><img decoding=\"async\" alt=\"\" class=\"img-fluid mx-auto d-block\" src=\"https:\/\/jfsacanada.com\/wp-content\/uploads\/2023\/01\/WIN_20220722_11_55_40_Pro.jpg\"><\/div>\n<\/p><\/div>\n<\/p><\/div>\n<\/p><\/div>\n<\/section>\n<section id=\"global-footer\" class=\"topfooter_container d-none d-md-block\">\n<div class=\"container\">\n<div class=\"row\">\n<div class=\"col-md-3\">\n<div class=\"lc-block\">\n<div lc-helper=\"shortcode\" class=\"live-shortcode\"><img loading=\"lazy\" decoding=\"async\" width=\"893\" height=\"317\" src=\"https:\/\/jfsacanada.com\/wp-content\/uploads\/2024\/04\/logo_JFSA_CANADA_rgb_blue2colours_no-text-e1713540713979.jpg\" class=\"custom-logo\" alt=\"JFSA Canada Inc.\" \/><\/div>\n<\/p><\/div>\n<p><!-- \/lc-block --><br \/>\n\t\t\t\t<!-- \/lc-block -->\n\t\t\t<\/div>\n<p><!-- \/col --><\/p>\n<div class=\"col-md-9\">\n<div class=\"lc-block\">\n<div lc-helper=\"shortcode\" class=\"live-shortcode\"><div class=\"menu-footer-menu-fr-container\"><ul id=\"menu-footer-menu-fr\" class=\"navbar\"><li id=\"menu-item-2429\" class=\"nav-item menu-item menu-item-type-custom menu-item-object-custom menu-item-2429\"><a title=\"Accueil\" href=\"https:\/\/www.jfsa.com\/\" class=\"nav-link\">Accueil<\/a><\/li>\n<li id=\"menu-item-71\" class=\"nav-item menu-item menu-item-type-post_type menu-item-object-page menu-item-71\"><a title=\"\u00c0 propos\" href=\"https:\/\/jfsacanada.com\/fr\/notre-entreprise\/a-propos\/\" class=\"nav-link\">\u00c0 propos<\/a><\/li>\n<li id=\"menu-item-75\" class=\"nav-item menu-item menu-item-type-post_type menu-item-object-page menu-item-75\"><a title=\"Carri\u00e8res\" href=\"https:\/\/jfsacanada.com\/fr\/carrieres\/\" class=\"nav-link\">Carri\u00e8res<\/a><\/li>\n<li id=\"menu-item-77\" class=\"nav-item menu-item menu-item-type-post_type menu-item-object-page menu-item-77\"><a title=\"Logiciels\" href=\"https:\/\/jfsacanada.com\/fr\/produits\/logiciels\/\" class=\"nav-link\">Logiciels<\/a><\/li>\n<li id=\"menu-item-2428\" class=\"nav-item menu-item menu-item-type-post_type menu-item-object-page menu-item-2428\"><a title=\"Services\" href=\"https:\/\/jfsacanada.com\/fr\/services\/\" class=\"nav-link\">Services<\/a><\/li>\n<li id=\"menu-item-2430\" class=\"nav-item menu-item menu-item-type-post_type menu-item-object-page menu-item-2430\"><a title=\"Notre \u00e9quipe\" href=\"https:\/\/jfsacanada.com\/fr\/notre-entreprise\/notre-equipe\/\" class=\"nav-link\">Notre \u00e9quipe<\/a><\/li>\n<\/ul><\/div><\/div>\n<\/p><\/div>\n<p><!-- \/lc-block -->\n\t\t\t<\/div>\n<p><!-- \/col -->\n\t\t<\/div>\n<\/p><\/div>\n<\/section>\n","protected":false},"excerpt":{"rendered":"<p>JFSA dispose de l&rsquo;expertise et de l&rsquo;\u00e9quipement n\u00e9cessaires pour effectuer des travaux de terrain sp\u00e9cialis\u00e9s ayant rapport aux cours d&rsquo;eau, aux pr\u00e9cipitations, \u00e0 l&rsquo;infiltration et au relev\u00e9 de terrain et de structures hydrauliques. SERVICES DE SURVEILLANCE ET D\u2019ESSAIS SUR LE TERRAIN \u2022 Installation et suivi de stations m\u00e9t\u00e9orologiques (pluie et neige)\u2022 Installation et suivi de [&hellip;]<\/p>\n","protected":false},"author":2,"featured_media":0,"parent":0,"menu_order":0,"comment_status":"closed","ping_status":"closed","template":"","meta":{"_acf_changed":false,"footnotes":""},"class_list":["post-2444","page","type-page","status-publish","hentry"],"acf":[],"aioseo_notices":[],"_links":{"self":[{"href":"https:\/\/jfsacanada.com\/fr\/wp-json\/wp\/v2\/pages\/2444","targetHints":{"allow":["GET"]}}],"collection":[{"href":"https:\/\/jfsacanada.com\/fr\/wp-json\/wp\/v2\/pages"}],"about":[{"href":"https:\/\/jfsacanada.com\/fr\/wp-json\/wp\/v2\/types\/page"}],"author":[{"embeddable":true,"href":"https:\/\/jfsacanada.com\/fr\/wp-json\/wp\/v2\/users\/2"}],"replies":[{"embeddable":true,"href":"https:\/\/jfsacanada.com\/fr\/wp-json\/wp\/v2\/comments?post=2444"}],"version-history":[{"count":3,"href":"https:\/\/jfsacanada.com\/fr\/wp-json\/wp\/v2\/pages\/2444\/revisions"}],"predecessor-version":[{"id":2728,"href":"https:\/\/jfsacanada.com\/fr\/wp-json\/wp\/v2\/pages\/2444\/revisions\/2728"}],"wp:attachment":[{"href":"https:\/\/jfsacanada.com\/fr\/wp-json\/wp\/v2\/media?parent=2444"}],"curies":[{"name":"wp","href":"https:\/\/api.w.org\/{rel}","templated":true}]}}