{"id":2451,"date":"2023-10-24T14:20:33","date_gmt":"2023-10-24T18:20:33","guid":{"rendered":"https:\/\/jfsacanada.com\/?page_id=2451"},"modified":"2023-10-24T14:28:55","modified_gmt":"2023-10-24T18:28:55","slug":"logiciel-de-preparation-aux-inondations","status":"publish","type":"page","link":"https:\/\/jfsacanada.com\/fr\/logiciel-de-preparation-aux-inondations\/","title":{"rendered":"LOGICIEL DE PR\u00c9PARATION AUX INONDATIONS"},"content":{"rendered":"<section>\n<div class=\"container-fluid\">\n<div class=\"row\">\n<div lc-helper=\"background\" class=\"col-lg-6 order-lg-2\" style=\"min-height: 45vh; background-size: cover; background-position: center; background-image: url('https:\/\/jfsacanada.com\/wp-content\/uploads\/2021\/05\/Rideau-3D.jpg');\"><\/div>\n<div class=\"col-lg-6 order-lg-1 my-auto p-5\">\n<div class=\"lc-block\">\n<div editable=\"rich\" class=\"lead\">\n<p>JFSA a d\u00e9velopp\u00e9 une application efficace et intuitive qui permet aux utilisateurs de voir facilement l&rsquo;\u00e9tendue des inondations le long d&rsquo;une rivi\u00e8re, en pr\u00e9vision de niveaux d&rsquo;eau \u00e9lev\u00e9s. Cela permet aux propri\u00e9taires fonciers et au personnel municipal de se pr\u00e9parer efficacement aux interventions et \u00e0 l\u2019allocation de ressources aux endroits prioritaires. Cet outil est accessible sur toute plateforme pouvant afficher Google Earth.&nbsp;<\/p>\n<h5>Les objectifs sp\u00e9cifiques du logiciel de pr\u00e9paration aux inondations sont les suivants : <\/h5>\n<\/p>\n<p>\u2022 D\u00e9limitation de l&rsquo;\u00e9tendue des inondations afin d&rsquo;identifier les zones inondables pour diff\u00e9rents d\u00e9bits (p\u00e9riodes de retour) et niveaux d&rsquo;eau.<br \/>\u2022 Donn\u00e9es pour soutenir les activit\u00e9s et la pr\u00e9paration des ressources en pr\u00e9vision d&rsquo;une p\u00e9riode de d\u00e9bit \u00e9lev\u00e9.<br \/>\u2022 Utilisation de donn\u00e9es SIG municipales pour identifier les b\u00e2timents et les infrastructures au-dessus du niveau du sol qui seraient expos\u00e9s \u00e0 un risque d&rsquo;inondation pour diff\u00e9rentes \u00e9tendues d\u2019inondation.<br \/>\u2022 Identification des actions et des mesures de d\u00e9ploiement des ressources que le personnel de municipalit\u00e9 et\/ou les propri\u00e9taires fonciers peuvent prendre avant et pendant les inondations afin de pr\u00e9venir ou d&rsquo;att\u00e9nuer les dommages.<br \/>\u2022 Informations destin\u00e9es \u00e0 faciliter la communication et la prise de d\u00e9cision entre les services municipaux, les organismes ext\u00e9rieurs et les communaut\u00e9s touch\u00e9es tout au long des diff\u00e9rentes \u00e9tapes de l&rsquo;inondation, y compris la planification de la gestion des situations d&rsquo;urgence.<br \/>\u2022 La capacit\u00e9 du personnel municipal \u00e0 d\u00e9velopper, r\u00e9viser et compl\u00e9ter les outils et les plans de mani\u00e8re it\u00e9rative, au fur et \u00e0 mesure de l&rsquo;exp\u00e9rience acquise lors de la mise en oeuvre.<\/p>\n<\/p><\/div>\n<\/p><\/div>\n<\/p><\/div>\n<\/p><\/div>\n<\/p><\/div>\n<\/section>\n<section id=\"global-footer\" class=\"topfooter_container d-none d-md-block\">\n<div class=\"container\">\n<div class=\"row\">\n<div class=\"col-md-3\">\n<div class=\"lc-block\">\n<div lc-helper=\"shortcode\" class=\"live-shortcode\"><img loading=\"lazy\" decoding=\"async\" width=\"893\" height=\"317\" src=\"https:\/\/jfsacanada.com\/wp-content\/uploads\/2024\/04\/logo_JFSA_CANADA_rgb_blue2colours_no-text-e1713540713979.jpg\" class=\"custom-logo\" alt=\"JFSA Canada Inc.\" \/><\/div>\n<\/p><\/div>\n<p><!-- \/lc-block --><br \/>\n\t\t\t\t<!-- \/lc-block -->\n\t\t\t<\/div>\n<p><!-- \/col --><\/p>\n<div class=\"col-md-9\">\n<div class=\"lc-block\">\n<div lc-helper=\"shortcode\" class=\"live-shortcode\"><div class=\"menu-footer-menu-fr-container\"><ul id=\"menu-footer-menu-fr\" class=\"navbar\"><li id=\"menu-item-2429\" class=\"nav-item menu-item menu-item-type-custom menu-item-object-custom menu-item-2429\"><a title=\"Accueil\" href=\"https:\/\/www.jfsa.com\/\" class=\"nav-link\">Accueil<\/a><\/li>\n<li id=\"menu-item-71\" class=\"nav-item menu-item menu-item-type-post_type menu-item-object-page menu-item-71\"><a title=\"\u00c0 propos\" href=\"https:\/\/jfsacanada.com\/fr\/notre-entreprise\/a-propos\/\" class=\"nav-link\">\u00c0 propos<\/a><\/li>\n<li id=\"menu-item-75\" class=\"nav-item menu-item menu-item-type-post_type menu-item-object-page menu-item-75\"><a title=\"Carri\u00e8res\" href=\"https:\/\/jfsacanada.com\/fr\/carrieres\/\" class=\"nav-link\">Carri\u00e8res<\/a><\/li>\n<li id=\"menu-item-77\" class=\"nav-item menu-item menu-item-type-post_type menu-item-object-page menu-item-77\"><a title=\"Logiciels\" href=\"https:\/\/jfsacanada.com\/fr\/produits\/logiciels\/\" class=\"nav-link\">Logiciels<\/a><\/li>\n<li id=\"menu-item-2428\" class=\"nav-item menu-item menu-item-type-post_type menu-item-object-page menu-item-2428\"><a title=\"Services\" href=\"https:\/\/jfsacanada.com\/fr\/services\/\" class=\"nav-link\">Services<\/a><\/li>\n<li id=\"menu-item-2430\" class=\"nav-item menu-item menu-item-type-post_type menu-item-object-page menu-item-2430\"><a title=\"Notre \u00e9quipe\" href=\"https:\/\/jfsacanada.com\/fr\/notre-entreprise\/notre-equipe\/\" class=\"nav-link\">Notre \u00e9quipe<\/a><\/li>\n<\/ul><\/div><\/div>\n<\/p><\/div>\n<p><!-- \/lc-block -->\n\t\t\t<\/div>\n<p><!-- \/col -->\n\t\t<\/div>\n<\/p><\/div>\n<\/section>\n","protected":false},"excerpt":{"rendered":"<p>JFSA a d\u00e9velopp\u00e9 une application efficace et intuitive qui permet aux utilisateurs de voir facilement l&rsquo;\u00e9tendue des inondations le long d&rsquo;une rivi\u00e8re, en pr\u00e9vision de niveaux d&rsquo;eau \u00e9lev\u00e9s. Cela permet aux propri\u00e9taires fonciers et au personnel municipal de se pr\u00e9parer efficacement aux interventions et \u00e0 l\u2019allocation de ressources aux endroits prioritaires. Cet outil est accessible [&hellip;]<\/p>\n","protected":false},"author":2,"featured_media":0,"parent":0,"menu_order":0,"comment_status":"closed","ping_status":"closed","template":"","meta":{"_acf_changed":false,"footnotes":""},"class_list":["post-2451","page","type-page","status-publish","hentry"],"acf":[],"aioseo_notices":[],"_links":{"self":[{"href":"https:\/\/jfsacanada.com\/fr\/wp-json\/wp\/v2\/pages\/2451","targetHints":{"allow":["GET"]}}],"collection":[{"href":"https:\/\/jfsacanada.com\/fr\/wp-json\/wp\/v2\/pages"}],"about":[{"href":"https:\/\/jfsacanada.com\/fr\/wp-json\/wp\/v2\/types\/page"}],"author":[{"embeddable":true,"href":"https:\/\/jfsacanada.com\/fr\/wp-json\/wp\/v2\/users\/2"}],"replies":[{"embeddable":true,"href":"https:\/\/jfsacanada.com\/fr\/wp-json\/wp\/v2\/comments?post=2451"}],"version-history":[{"count":2,"href":"https:\/\/jfsacanada.com\/fr\/wp-json\/wp\/v2\/pages\/2451\/revisions"}],"predecessor-version":[{"id":2488,"href":"https:\/\/jfsacanada.com\/fr\/wp-json\/wp\/v2\/pages\/2451\/revisions\/2488"}],"wp:attachment":[{"href":"https:\/\/jfsacanada.com\/fr\/wp-json\/wp\/v2\/media?parent=2451"}],"curies":[{"name":"wp","href":"https:\/\/api.w.org\/{rel}","templated":true}]}}