{"id":2489,"date":"2023-10-24T14:35:55","date_gmt":"2023-10-24T18:35:55","guid":{"rendered":"https:\/\/jfsacanada.com\/?page_id=2489"},"modified":"2024-04-15T13:30:41","modified_gmt":"2024-04-15T17:30:41","slug":"amenagement-du-territoire-et-planification-des-ressources","status":"publish","type":"page","link":"https:\/\/jfsacanada.com\/fr\/amenagement-du-territoire-et-planification-des-ressources\/","title":{"rendered":"AMENAGEMENT DU TERRITOIRE ET PLANIFICATION DES RESSOURCES"},"content":{"rendered":"<section>\n<div class=\"container\" style=\"padding-top: 10vh;padding-bottom:0vh\">\n<div class=\"row\">\n<div class=\"col-md-6\">\n<div class=\"lc-block\">\n<div editable=\"rich\">\n<h6>Le personnel de planification de JFSA est exp\u00e9riment\u00e9 dans le soutien au d\u00e9veloppement et \u00e0 la gestion de projets li\u00e9s aux ressources fonci\u00e8res et hydriques, y compris la gestion de projets interdisciplinaires. Notre \u00e9quipe coordonne et pr\u00e9pare des demandes faites en vertu de la Loi sur l&rsquo;am\u00e9nagement du territoire, de la Loi sur les offices de protection de la nature, de la Loi sur les ressources en agr\u00e9gats et d&rsquo;autres d\u00e9partements provinciaux et locaux, en plus de fournir des services d\u2019examen, de conseil et d\u2019interpr\u00e9tation des politiques. <\/p>\n<\/h6>\n<h5>Services d&rsquo;am\u00e9nagement et de d\u00e9veloppement du territoire <\/h5>\n<p>\u2022 Consultation pr\u00e9alable et liaison avec les municipalit\u00e9s<br \/>\u2022 Pr\u00e9paration des demandes et coordination des consultants pour les demandes d\u2019am\u00e9nagement<br \/>\u2022 Lotissement, modification du r\u00e8glement de zonage, r\u00e9glementation des plans d&rsquo;implantation, d\u00e9rogation mineure, permission et autorisation (morcellement)<br \/>\u2022 Rapports sur la logique de planification<br \/>\u2022 Exp\u00e9rience en appels devant des tribunaux provinciaux (CAMO\/TAAL\/TOAT\/Tribunal des mines et des terres)<\/p>\n<\/p><\/div>\n<\/p><\/div>\n<\/p><\/div>\n<div class=\"col-md-6\">\n<div class=\"lc-block\">\n\t\t\t\t\t<img decoding=\"async\" alt=\"\" class=\"img-fluid mx-auto d-block\" src=\"https:\/\/jfsacanada.com\/wp-content\/uploads\/2023\/02\/IMG_5542.jpg\">\n\t\t\t\t<\/div>\n<\/p><\/div>\n<\/p><\/div>\n<\/p><\/div>\n<\/section>\n<section>\n<div class=\"container\">\n<div class=\"row\">\n<div class=\"col-md-6\">\n<div class=\"lc-block\">\n<div editable=\"rich\">\n<h5>Conseil sp\u00e9cialis\u00e9 en mati\u00e8re d&rsquo;environnement : Ressources en eau, risques naturels, patrimoine naturel <\/h5>\n<p>\u2022 Interpr\u00e9tation et d\u00e9veloppement de politiques et r\u00e9glementations environnementales<br \/>\u2022 Sp\u00e9cialisation en risques naturels (plaines inondables, sols organiques, stabilit\u00e9 des pentes) et \u00e9l\u00e9ments environnementaux (zones humides\/mar\u00e9cages, cours d&rsquo;eau, habitats des poissons, esp\u00e8ces en danger)<br \/>\u2022 Gestion et coordination de projets multidisciplinaires complexes li\u00e9s aux ressources en eau et \u00e0 l&rsquo;environnement<br \/>\u2022 Coordination et conformit\u00e9 des activit\u00e9s de surveillance et de relev\u00e9s sp\u00e9cifiques \u00e0 chaque site<br \/>\u2022 Support pour le respect des normes environnementales<br \/>\u2022 Connaissance approfondie des offices de protection de la nature et des agences\/minist\u00e8res de l&rsquo;environnement de la province de l&rsquo;Ontario<br \/>\u2022 Examen par une tierce partie des rapports\/applications de d\u00e9veloppement et de r\u00e9glementation<br \/>\u2022 Analyse d\u2019orientations\/directives politiques et r\u00e9glementaires \u00e0 l&rsquo;aide de syst\u00e8mes d&rsquo;information g\u00e9ographique (SIG)<br \/>\u2022 Conf\u00e9rences et pr\u00e9sentations th\u00e9matiques<\/p>\n<\/p><\/div>\n<\/p><\/div>\n<\/p><\/div>\n<div class=\"col-md-6\"><\/div>\n<\/p><\/div>\n<\/p><\/div>\n<\/section>\n<section>\n<div class=\"container\">\n<div class=\"row\">\n<div class=\"col-md-6\">\n<div class=\"lc-block\">\n<div editable=\"rich\">\n<h5>Demandes r\u00e9glementaires aupr\u00e8s des offices de protection de la nature\/Demandes li\u00e9es aux ressources en agr\u00e9gats <\/h5>\n<p>\u2022 Gestion des risques naturels (plaines inondables, sols organiques, stabilit\u00e9 des pentes, etc.)<br \/>\u2022 Coordination et support pour les demandes de projets ayant trait aux plaines inondables et cours d\u2019eau\/voies navigables<br \/>\u2022 Description de projets, coordination de consultants et pr\u00e9paration des demandes pour les soumissions r\u00e9glementaires<br \/>\u2022 Extraction d\u2019agr\u00e9gats, nouvelles demandes, r\u00e9visions de licences, plans d&rsquo;implantation, permis, support en conformit\u00e9 environnementale<br \/>\u2022 Repr\u00e9sentation dans des affaires relevant de la Loi sur les offices de protection de la nature<\/p>\n<\/p>\n<p><\/p>\n<\/p><\/div>\n<\/p><\/div>\n<\/p><\/div>\n<div class=\"col-md-6\"><\/div>\n<\/p><\/div>\n<\/p><\/div>\n<\/section>\n<section id=\"global-footer\" class=\"topfooter_container d-none d-md-block\">\n<div class=\"container\">\n<div class=\"row\">\n<div class=\"col-md-3\">\n<div class=\"lc-block\">\n<div lc-helper=\"shortcode\" class=\"live-shortcode\"><img loading=\"lazy\" decoding=\"async\" width=\"893\" height=\"317\" src=\"https:\/\/jfsacanada.com\/wp-content\/uploads\/2024\/04\/logo_JFSA_CANADA_rgb_blue2colours_no-text-e1713540713979.jpg\" class=\"custom-logo\" alt=\"JFSA Canada Inc.\" \/><\/div>\n<\/p><\/div>\n<p><!-- \/lc-block --><br \/>\n\t\t\t\t<!-- \/lc-block -->\n\t\t\t<\/div>\n<p><!-- \/col --><\/p>\n<div class=\"col-md-9\">\n<div class=\"lc-block\">\n<div lc-helper=\"shortcode\" class=\"live-shortcode\"><div class=\"menu-footer-menu-fr-container\"><ul id=\"menu-footer-menu-fr\" class=\"navbar\"><li id=\"menu-item-2429\" class=\"nav-item menu-item menu-item-type-custom menu-item-object-custom menu-item-2429\"><a title=\"Accueil\" href=\"https:\/\/www.jfsa.com\/\" class=\"nav-link\">Accueil<\/a><\/li>\n<li id=\"menu-item-71\" class=\"nav-item menu-item menu-item-type-post_type menu-item-object-page menu-item-71\"><a title=\"\u00c0 propos\" href=\"https:\/\/jfsacanada.com\/fr\/notre-entreprise\/a-propos\/\" class=\"nav-link\">\u00c0 propos<\/a><\/li>\n<li id=\"menu-item-75\" class=\"nav-item menu-item menu-item-type-post_type menu-item-object-page menu-item-75\"><a title=\"Carri\u00e8res\" href=\"https:\/\/jfsacanada.com\/fr\/carrieres\/\" class=\"nav-link\">Carri\u00e8res<\/a><\/li>\n<li id=\"menu-item-77\" class=\"nav-item menu-item menu-item-type-post_type menu-item-object-page menu-item-77\"><a title=\"Logiciels\" href=\"https:\/\/jfsacanada.com\/fr\/produits\/logiciels\/\" class=\"nav-link\">Logiciels<\/a><\/li>\n<li id=\"menu-item-2428\" class=\"nav-item menu-item menu-item-type-post_type menu-item-object-page menu-item-2428\"><a title=\"Services\" href=\"https:\/\/jfsacanada.com\/fr\/services\/\" class=\"nav-link\">Services<\/a><\/li>\n<li id=\"menu-item-2430\" class=\"nav-item menu-item menu-item-type-post_type menu-item-object-page menu-item-2430\"><a title=\"Notre \u00e9quipe\" href=\"https:\/\/jfsacanada.com\/fr\/notre-entreprise\/notre-equipe\/\" class=\"nav-link\">Notre \u00e9quipe<\/a><\/li>\n<\/ul><\/div><\/div>\n<\/p><\/div>\n<p><!-- \/lc-block -->\n\t\t\t<\/div>\n<p><!-- \/col -->\n\t\t<\/div>\n<\/p><\/div>\n<\/section>\n","protected":false},"excerpt":{"rendered":"<p>Le personnel de planification de JFSA est exp\u00e9riment\u00e9 dans le soutien au d\u00e9veloppement et \u00e0 la gestion de projets li\u00e9s aux ressources fonci\u00e8res et hydriques, y compris la gestion de projets interdisciplinaires. Notre \u00e9quipe coordonne et pr\u00e9pare des demandes faites en vertu de la Loi sur l&rsquo;am\u00e9nagement du territoire, de la Loi sur les offices [&hellip;]<\/p>\n","protected":false},"author":2,"featured_media":0,"parent":0,"menu_order":0,"comment_status":"closed","ping_status":"closed","template":"","meta":{"_acf_changed":false,"footnotes":""},"class_list":["post-2489","page","type-page","status-publish","hentry"],"acf":[],"aioseo_notices":[],"_links":{"self":[{"href":"https:\/\/jfsacanada.com\/fr\/wp-json\/wp\/v2\/pages\/2489","targetHints":{"allow":["GET"]}}],"collection":[{"href":"https:\/\/jfsacanada.com\/fr\/wp-json\/wp\/v2\/pages"}],"about":[{"href":"https:\/\/jfsacanada.com\/fr\/wp-json\/wp\/v2\/types\/page"}],"author":[{"embeddable":true,"href":"https:\/\/jfsacanada.com\/fr\/wp-json\/wp\/v2\/users\/2"}],"replies":[{"embeddable":true,"href":"https:\/\/jfsacanada.com\/fr\/wp-json\/wp\/v2\/comments?post=2489"}],"version-history":[{"count":3,"href":"https:\/\/jfsacanada.com\/fr\/wp-json\/wp\/v2\/pages\/2489\/revisions"}],"predecessor-version":[{"id":2729,"href":"https:\/\/jfsacanada.com\/fr\/wp-json\/wp\/v2\/pages\/2489\/revisions\/2729"}],"wp:attachment":[{"href":"https:\/\/jfsacanada.com\/fr\/wp-json\/wp\/v2\/media?parent=2489"}],"curies":[{"name":"wp","href":"https:\/\/api.w.org\/{rel}","templated":true}]}}