{"id":2492,"date":"2023-10-24T14:41:05","date_gmt":"2023-10-24T18:41:05","guid":{"rendered":"https:\/\/jfsacanada.com\/?page_id=2492"},"modified":"2024-04-15T13:31:05","modified_gmt":"2024-04-15T17:31:05","slug":"assistance-technique-et-en-planification-pour-les-affaires-juridiques","status":"publish","type":"page","link":"https:\/\/jfsacanada.com\/fr\/assistance-technique-et-en-planification-pour-les-affaires-juridiques\/","title":{"rendered":"ASSISTANCE TECHNIQUE ET EN PLANIFICATION POUR LES AFFAIRES JURIDIQUES"},"content":{"rendered":"<section>\n<div class=\"container\" style=\"padding-top: 10vh;padding-bottom:10vh\">\n<div class=\"row align-items-center px-2\">\n<div class=\"col-12 col-md-7 col-lg-6\">\n<div class=\"lc-block mb-4\">\n<div editable=\"rich\">\n<h6>JFSA poss\u00e8de plus de 30 ans d&rsquo;expertise dans le domaine des ressources en eau et a fourni un support technique et un t\u00e9moignage d&rsquo;expert dans de nombreuses affaires juridiques li\u00e9es \u00e0 de fortes pluies ayant caus\u00e9 des dommages ainsi qu\u2019\u00e0 des inondations. <\/p>\n<\/h6>\n<h5>EXPERTISE TECHNIQUE <\/h5>\n<p>\u2022 Expertise technique sur le comportement des r\u00e9seaux \u00e0 la suite d\u2019un \u00e9v\u00e9nement pluvieux important ;<br \/>\u2022 D\u00e9fauts de conception ;<br \/>\u2022 Analyses sp\u00e9cifiques \u00e0 l\u2019\u00e9chelle r\u00e9sidentielle (ex : drains fran\u00e7ais, plomberie, vannes, etc.) ;<br \/>\u2022 D\u00e9fauts de drainage de surface ;<br \/>\u2022 Analyses de pr\u00e9cipitations ;<br \/>\u2022 Analyses de radars m\u00e9t\u00e9orologiques ;<br \/>\u2022 Analyses hydrauliques ;<br \/>\u2022 Analyses hydrologiques ;<br \/>\u2022 Comportement de r\u00e9seau ;<br \/>\u2022 Analyse de conformit\u00e9 des \u00e9quipements de protection contre les refoulements d&rsquo;\u00e9gouts ;<br \/>\u2022 Analyse des lacunes en mati\u00e8re de gestion des eaux pluviales.<\/p>\n<\/p>\n<h5>AM\u00c9NAGEMENT DU TERRITOIRE <\/h5>\n<p>\u2022 Demandes r\u00e9glementaires en vertu de la Loi sur les offices de protection de la nature<br \/>\u2022 Demandes d&rsquo;am\u00e9nagement du territoire en vertu de la Loi sur l&rsquo;am\u00e9nagement du territoire<br \/>\u2022 Expertise sp\u00e9cifique sur les politiques et lignes directrices en mati\u00e8re de risques naturels<br \/>\u2022 Gestion des ressources naturelles<\/p>\n<\/p>\n<p><\/p>\n<\/p><\/div>\n<\/p><\/div>\n<\/p><\/div>\n<div class=\"col-12 col-md-5 col-lg-6\">\n<div class=\"lc-block\"><img loading=\"lazy\" decoding=\"async\" alt=\"Photo by Sebastian Pichler\" class=\"img-fluid mx-auto d-block\" src=\"https:\/\/images.unsplash.com\/photo-1436450412740-6b988f486c6b?crop=entropy&amp;cs=tinysrgb&amp;fit=crop&amp;fm=jpg&amp;ixid=M3wzNzg0fDB8MXxzZWFyY2h8Nnx8bGVnYWx8ZW58MHwwfHx8MTY5MjI3NjMyMHww&amp;ixlib=rb-4.0.3&amp;q=80&amp;w=1080&amp;h=768\" srcset=\"https:\/\/images.unsplash.com\/photo-1436450412740-6b988f486c6b?crop=entropy&amp;cs=tinysrgb&amp;fit=crop&amp;fm=jpg&amp;ixid=M3wzNzg0fDB8MXxzZWFyY2h8Nnx8bGVnYWx8ZW58MHwwfHx8MTY5MjI3NjMyMHww&amp;ixlib=rb-4.0.3&amp;q=80&amp;w=1080&amp;h=768 1080w, https:\/\/images.unsplash.com\/photo-1436450412740-6b988f486c6b??crop=entropy&amp;cs=tinysrgb&amp;fit=crop&amp;fm=jpg&amp;ixid=M3wzNzg0fDB8MXxzZWFyY2h8Nnx8bGVnYWx8ZW58MHwwfHx8MTY5MjI3NjMyMHww&amp;ixlib=rb-4.0.3&amp;q=80&amp;w=255 255w, https:\/\/images.unsplash.com\/photo-1436450412740-6b988f486c6b??crop=entropy&amp;cs=tinysrgb&amp;fit=crop&amp;fm=jpg&amp;ixid=M3wzNzg0fDB8MXxzZWFyY2h8Nnx8bGVnYWx8ZW58MHwwfHx8MTY5MjI3NjMyMHww&amp;ixlib=rb-4.0.3&amp;q=80&amp;w=300 300w, https:\/\/images.unsplash.com\/photo-1436450412740-6b988f486c6b??crop=entropy&amp;cs=tinysrgb&amp;fit=crop&amp;fm=jpg&amp;ixid=M3wzNzg0fDB8MXxzZWFyY2h8Nnx8bGVnYWx8ZW58MHwwfHx8MTY5MjI3NjMyMHww&amp;ixlib=rb-4.0.3&amp;q=80&amp;w=768 768w, https:\/\/images.unsplash.com\/photo-1436450412740-6b988f486c6b??crop=entropy&amp;cs=tinysrgb&amp;fit=crop&amp;fm=jpg&amp;ixid=M3wzNzg0fDB8MXxzZWFyY2h8Nnx8bGVnYWx8ZW58MHwwfHx8MTY5MjI3NjMyMHww&amp;ixlib=rb-4.0.3&amp;q=80&amp;w=1024 1024w\" sizes=\"auto, (max-width: 1080px) 100vw, 1080px\" width=\"1080\" height=\"768\"><\/div>\n<\/p><\/div>\n<\/p><\/div>\n<\/p><\/div>\n<\/section>\n<section id=\"global-footer\" class=\"topfooter_container d-none d-md-block\">\n<div class=\"container\">\n<div class=\"row\">\n<div class=\"col-md-3\">\n<div class=\"lc-block\">\n<div lc-helper=\"shortcode\" class=\"live-shortcode\"><img loading=\"lazy\" decoding=\"async\" width=\"893\" height=\"317\" src=\"https:\/\/jfsacanada.com\/wp-content\/uploads\/2024\/04\/logo_JFSA_CANADA_rgb_blue2colours_no-text-e1713540713979.jpg\" class=\"custom-logo\" alt=\"JFSA Canada Inc.\" \/><\/div>\n<\/p><\/div>\n<p><!-- \/lc-block --><br \/>\n\t\t\t\t<!-- \/lc-block -->\n\t\t\t<\/div>\n<p><!-- \/col --><\/p>\n<div class=\"col-md-9\">\n<div class=\"lc-block\">\n<div lc-helper=\"shortcode\" class=\"live-shortcode\"><div class=\"menu-footer-menu-fr-container\"><ul id=\"menu-footer-menu-fr\" class=\"navbar\"><li id=\"menu-item-2429\" class=\"nav-item menu-item menu-item-type-custom menu-item-object-custom menu-item-2429\"><a title=\"Accueil\" href=\"https:\/\/www.jfsa.com\/\" class=\"nav-link\">Accueil<\/a><\/li>\n<li id=\"menu-item-71\" class=\"nav-item menu-item menu-item-type-post_type menu-item-object-page menu-item-71\"><a title=\"\u00c0 propos\" href=\"https:\/\/jfsacanada.com\/fr\/notre-entreprise\/a-propos\/\" class=\"nav-link\">\u00c0 propos<\/a><\/li>\n<li id=\"menu-item-75\" class=\"nav-item menu-item menu-item-type-post_type menu-item-object-page menu-item-75\"><a title=\"Carri\u00e8res\" href=\"https:\/\/jfsacanada.com\/fr\/carrieres\/\" class=\"nav-link\">Carri\u00e8res<\/a><\/li>\n<li id=\"menu-item-77\" class=\"nav-item menu-item menu-item-type-post_type menu-item-object-page menu-item-77\"><a title=\"Logiciels\" href=\"https:\/\/jfsacanada.com\/fr\/produits\/logiciels\/\" class=\"nav-link\">Logiciels<\/a><\/li>\n<li id=\"menu-item-2428\" class=\"nav-item menu-item menu-item-type-post_type menu-item-object-page menu-item-2428\"><a title=\"Services\" href=\"https:\/\/jfsacanada.com\/fr\/services\/\" class=\"nav-link\">Services<\/a><\/li>\n<li id=\"menu-item-2430\" class=\"nav-item menu-item menu-item-type-post_type menu-item-object-page menu-item-2430\"><a title=\"Notre \u00e9quipe\" href=\"https:\/\/jfsacanada.com\/fr\/notre-entreprise\/notre-equipe\/\" class=\"nav-link\">Notre \u00e9quipe<\/a><\/li>\n<\/ul><\/div><\/div>\n<\/p><\/div>\n<p><!-- \/lc-block -->\n\t\t\t<\/div>\n<p><!-- \/col -->\n\t\t<\/div>\n<\/p><\/div>\n<\/section>\n","protected":false},"excerpt":{"rendered":"<p>JFSA poss\u00e8de plus de 30 ans d&rsquo;expertise dans le domaine des ressources en eau et a fourni un support technique et un t\u00e9moignage d&rsquo;expert dans de nombreuses affaires juridiques li\u00e9es \u00e0 de fortes pluies ayant caus\u00e9 des dommages ainsi qu\u2019\u00e0 des inondations. EXPERTISE TECHNIQUE \u2022 Expertise technique sur le comportement des r\u00e9seaux \u00e0 la suite [&hellip;]<\/p>\n","protected":false},"author":2,"featured_media":0,"parent":0,"menu_order":0,"comment_status":"closed","ping_status":"closed","template":"","meta":{"_acf_changed":false,"footnotes":""},"class_list":["post-2492","page","type-page","status-publish","hentry"],"acf":[],"aioseo_notices":[],"_links":{"self":[{"href":"https:\/\/jfsacanada.com\/fr\/wp-json\/wp\/v2\/pages\/2492","targetHints":{"allow":["GET"]}}],"collection":[{"href":"https:\/\/jfsacanada.com\/fr\/wp-json\/wp\/v2\/pages"}],"about":[{"href":"https:\/\/jfsacanada.com\/fr\/wp-json\/wp\/v2\/types\/page"}],"author":[{"embeddable":true,"href":"https:\/\/jfsacanada.com\/fr\/wp-json\/wp\/v2\/users\/2"}],"replies":[{"embeddable":true,"href":"https:\/\/jfsacanada.com\/fr\/wp-json\/wp\/v2\/comments?post=2492"}],"version-history":[{"count":3,"href":"https:\/\/jfsacanada.com\/fr\/wp-json\/wp\/v2\/pages\/2492\/revisions"}],"predecessor-version":[{"id":2730,"href":"https:\/\/jfsacanada.com\/fr\/wp-json\/wp\/v2\/pages\/2492\/revisions\/2730"}],"wp:attachment":[{"href":"https:\/\/jfsacanada.com\/fr\/wp-json\/wp\/v2\/media?parent=2492"}],"curies":[{"name":"wp","href":"https:\/\/api.w.org\/{rel}","templated":true}]}}