{"id":2497,"date":"2023-10-24T14:46:48","date_gmt":"2023-10-24T18:46:48","guid":{"rendered":"https:\/\/jfsacanada.com\/?page_id=2497"},"modified":"2024-04-15T13:31:30","modified_gmt":"2024-04-15T17:31:30","slug":"recherche-et-developpement","status":"publish","type":"page","link":"https:\/\/jfsacanada.com\/fr\/recherche-et-developpement\/","title":{"rendered":"RECHERCHE ET D\u00c9VELOPPEMENT"},"content":{"rendered":"<section>\n<div class=\"container\" style=\"padding-top: 10vh;padding-bottom:10vh\">\n<div class=\"row align-items-center px-2\">\n<div class=\"col-12 col-md-7 col-lg-6\">\n<div class=\"lc-block mb-4\">\n<div editable=\"rich\">\n<p>\u2022 Infiltration<br \/>\u2022 Bilans hydriques<br \/>\u2022 Evapotranspiration<br \/>\u2022 D\u00e9veloppement \u00e0 impact r\u00e9duit<br \/>\u2022 Politiques en mati\u00e8re de risques naturels<br \/>\u2022 Mod\u00e9lisation en 2D et 3D de plaines inondables en utilisant HECRAS pour divers objectifs<br \/>\u2022 Outil de retour sur investissement<br \/>\u2022 \u00c9laboration de lignes directrices techniques<br \/>\u2022 Outil de pr\u00e9paration aux inondations pour les organismes publics et les municipalit\u00e9s<\/p>\n<\/p>\n<p><\/p>\n<\/p><\/div>\n<\/p><\/div>\n<\/p><\/div>\n<div class=\"col-12 col-md-5 col-lg-6\">\n<div class=\"lc-block\"><img loading=\"lazy\" decoding=\"async\" alt=\"Photo by Marvin Meyer\" class=\"img-fluid mx-auto d-block\" src=\"https:\/\/images.unsplash.com\/photo-1519389950473-47ba0277781c?crop=entropy&amp;cs=tinysrgb&amp;fit=crop&amp;fm=jpg&amp;ixid=M3wzNzg0fDB8MXxzZWFyY2h8OHx8cmVzZWFyY2glMjBhbmQlMjBkZXZlbG9wbWVudHxlbnwwfDB8fHwxNjkyMjc3NDYyfDA&amp;ixlib=rb-4.0.3&amp;q=80&amp;w=1080&amp;h=768\" srcset=\"https:\/\/images.unsplash.com\/photo-1519389950473-47ba0277781c?crop=entropy&amp;cs=tinysrgb&amp;fit=crop&amp;fm=jpg&amp;ixid=M3wzNzg0fDB8MXxzZWFyY2h8OHx8cmVzZWFyY2glMjBhbmQlMjBkZXZlbG9wbWVudHxlbnwwfDB8fHwxNjkyMjc3NDYyfDA&amp;ixlib=rb-4.0.3&amp;q=80&amp;w=1080&amp;h=768 1080w, https:\/\/images.unsplash.com\/photo-1519389950473-47ba0277781c??crop=entropy&amp;cs=tinysrgb&amp;fit=crop&amp;fm=jpg&amp;ixid=M3wzNzg0fDB8MXxzZWFyY2h8OHx8cmVzZWFyY2glMjBhbmQlMjBkZXZlbG9wbWVudHxlbnwwfDB8fHwxNjkyMjc3NDYyfDA&amp;ixlib=rb-4.0.3&amp;q=80&amp;w=255 255w, https:\/\/images.unsplash.com\/photo-1519389950473-47ba0277781c??crop=entropy&amp;cs=tinysrgb&amp;fit=crop&amp;fm=jpg&amp;ixid=M3wzNzg0fDB8MXxzZWFyY2h8OHx8cmVzZWFyY2glMjBhbmQlMjBkZXZlbG9wbWVudHxlbnwwfDB8fHwxNjkyMjc3NDYyfDA&amp;ixlib=rb-4.0.3&amp;q=80&amp;w=300 300w, https:\/\/images.unsplash.com\/photo-1519389950473-47ba0277781c??crop=entropy&amp;cs=tinysrgb&amp;fit=crop&amp;fm=jpg&amp;ixid=M3wzNzg0fDB8MXxzZWFyY2h8OHx8cmVzZWFyY2glMjBhbmQlMjBkZXZlbG9wbWVudHxlbnwwfDB8fHwxNjkyMjc3NDYyfDA&amp;ixlib=rb-4.0.3&amp;q=80&amp;w=768 768w, https:\/\/images.unsplash.com\/photo-1519389950473-47ba0277781c??crop=entropy&amp;cs=tinysrgb&amp;fit=crop&amp;fm=jpg&amp;ixid=M3wzNzg0fDB8MXxzZWFyY2h8OHx8cmVzZWFyY2glMjBhbmQlMjBkZXZlbG9wbWVudHxlbnwwfDB8fHwxNjkyMjc3NDYyfDA&amp;ixlib=rb-4.0.3&amp;q=80&amp;w=1024 1024w\" sizes=\"auto, (max-width: 1080px) 100vw, 1080px\" width=\"1080\" height=\"768\"><\/div>\n<\/p><\/div>\n<\/p><\/div>\n<\/p><\/div>\n<\/section>\n<section id=\"global-footer\" class=\"topfooter_container d-none d-md-block\">\n<div class=\"container\">\n<div class=\"row\">\n<div class=\"col-md-3\">\n<div class=\"lc-block\">\n<div lc-helper=\"shortcode\" class=\"live-shortcode\"><img loading=\"lazy\" decoding=\"async\" width=\"893\" height=\"317\" src=\"https:\/\/jfsacanada.com\/wp-content\/uploads\/2024\/04\/logo_JFSA_CANADA_rgb_blue2colours_no-text-e1713540713979.jpg\" class=\"custom-logo\" alt=\"JFSA Canada Inc.\" \/><\/div>\n<\/p><\/div>\n<p><!-- \/lc-block --><br \/>\n\t\t\t\t<!-- \/lc-block -->\n\t\t\t<\/div>\n<p><!-- \/col --><\/p>\n<div class=\"col-md-9\">\n<div class=\"lc-block\">\n<div lc-helper=\"shortcode\" class=\"live-shortcode\"><div class=\"menu-footer-menu-fr-container\"><ul id=\"menu-footer-menu-fr\" class=\"navbar\"><li id=\"menu-item-2429\" class=\"nav-item menu-item menu-item-type-custom menu-item-object-custom menu-item-2429\"><a title=\"Accueil\" href=\"https:\/\/www.jfsa.com\/\" class=\"nav-link\">Accueil<\/a><\/li>\n<li id=\"menu-item-71\" class=\"nav-item menu-item menu-item-type-post_type menu-item-object-page menu-item-71\"><a title=\"\u00c0 propos\" href=\"https:\/\/jfsacanada.com\/fr\/notre-entreprise\/a-propos\/\" class=\"nav-link\">\u00c0 propos<\/a><\/li>\n<li id=\"menu-item-75\" class=\"nav-item menu-item menu-item-type-post_type menu-item-object-page menu-item-75\"><a title=\"Carri\u00e8res\" href=\"https:\/\/jfsacanada.com\/fr\/carrieres\/\" class=\"nav-link\">Carri\u00e8res<\/a><\/li>\n<li id=\"menu-item-77\" class=\"nav-item menu-item menu-item-type-post_type menu-item-object-page menu-item-77\"><a title=\"Logiciels\" href=\"https:\/\/jfsacanada.com\/fr\/produits\/logiciels\/\" class=\"nav-link\">Logiciels<\/a><\/li>\n<li id=\"menu-item-2428\" class=\"nav-item menu-item menu-item-type-post_type menu-item-object-page menu-item-2428\"><a title=\"Services\" href=\"https:\/\/jfsacanada.com\/fr\/services\/\" class=\"nav-link\">Services<\/a><\/li>\n<li id=\"menu-item-2430\" class=\"nav-item menu-item menu-item-type-post_type menu-item-object-page menu-item-2430\"><a title=\"Notre \u00e9quipe\" href=\"https:\/\/jfsacanada.com\/fr\/notre-entreprise\/notre-equipe\/\" class=\"nav-link\">Notre \u00e9quipe<\/a><\/li>\n<\/ul><\/div><\/div>\n<\/p><\/div>\n<p><!-- \/lc-block -->\n\t\t\t<\/div>\n<p><!-- \/col -->\n\t\t<\/div>\n<\/p><\/div>\n<\/section>\n","protected":false},"excerpt":{"rendered":"<p>\u2022 Infiltration\u2022 Bilans hydriques\u2022 Evapotranspiration\u2022 D\u00e9veloppement \u00e0 impact r\u00e9duit\u2022 Politiques en mati\u00e8re de risques naturels\u2022 Mod\u00e9lisation en 2D et 3D de plaines inondables en utilisant HECRAS pour divers objectifs\u2022 Outil de retour sur investissement\u2022 \u00c9laboration de lignes directrices techniques\u2022 Outil de pr\u00e9paration aux inondations pour les organismes publics et les municipalit\u00e9s<\/p>\n","protected":false},"author":2,"featured_media":0,"parent":0,"menu_order":0,"comment_status":"closed","ping_status":"closed","template":"","meta":{"_acf_changed":false,"footnotes":""},"class_list":["post-2497","page","type-page","status-publish","hentry"],"acf":[],"aioseo_notices":[],"_links":{"self":[{"href":"https:\/\/jfsacanada.com\/fr\/wp-json\/wp\/v2\/pages\/2497","targetHints":{"allow":["GET"]}}],"collection":[{"href":"https:\/\/jfsacanada.com\/fr\/wp-json\/wp\/v2\/pages"}],"about":[{"href":"https:\/\/jfsacanada.com\/fr\/wp-json\/wp\/v2\/types\/page"}],"author":[{"embeddable":true,"href":"https:\/\/jfsacanada.com\/fr\/wp-json\/wp\/v2\/users\/2"}],"replies":[{"embeddable":true,"href":"https:\/\/jfsacanada.com\/fr\/wp-json\/wp\/v2\/comments?post=2497"}],"version-history":[{"count":3,"href":"https:\/\/jfsacanada.com\/fr\/wp-json\/wp\/v2\/pages\/2497\/revisions"}],"predecessor-version":[{"id":2731,"href":"https:\/\/jfsacanada.com\/fr\/wp-json\/wp\/v2\/pages\/2497\/revisions\/2731"}],"wp:attachment":[{"href":"https:\/\/jfsacanada.com\/fr\/wp-json\/wp\/v2\/media?parent=2497"}],"curies":[{"name":"wp","href":"https:\/\/api.w.org\/{rel}","templated":true}]}}