{"id":2633,"date":"2023-12-11T08:37:13","date_gmt":"2023-12-11T13:37:13","guid":{"rendered":"https:\/\/jfsacanada.com\/?page_id=2633"},"modified":"2024-09-04T11:42:12","modified_gmt":"2024-09-04T15:42:12","slug":"mannings-calculator-2","status":"publish","type":"page","link":"https:\/\/jfsacanada.com\/fr\/mannings-calculator-2\/","title":{"rendered":"MANNING&rsquo;S CALCULATOR"},"content":{"rendered":"<section>\n<div class=\"container\">\n<div class=\"row\">\n<div class=\"col-md-12\">\n<div class=\"lc-block\">\n<div editable=\"rich\">\n<p><\/p>\n<p>La calculatrice de Manning est un utilitaire d&rsquo;ing\u00e9nierie hydraulique pour l&rsquo;\u00e9coulement dans les canaux ouverts et les conduites qui peut \u00eatre utilis\u00e9 pour calculer n&rsquo;importe quelle variable de l&rsquo;\u00e9quation de Manning pour la plupart des g\u00e9om\u00e9tries de canaux, pour les conduites circulaires et pour diverses unit\u00e9s d&rsquo;entr\u00e9e et de sortie. <\/p>\n<\/p>\n<p>La calculatrice de Manning peut faire gagner des heures \u00e0 un ing\u00e9nieur, un hydrologue, un technologue ou un technicien en r\u00e9solvant instantan\u00e9ment des \u00e9quations it\u00e9ratives complexes. <\/p>\n<\/p>\n<p><span>Download <\/span><strong>Manning&rsquo;s Calculator<\/strong><span> demo: <\/span><a href=\"https:\/\/jfsacanada.com\/fr\/produits\/telechargements-de-logiciels\/\">Software Downloads<\/a><\/p>\n<\/p><\/div>\n<\/p><\/div>\n<p><!-- \/lc-block -->\n\t\t\t<\/div>\n<p><!-- \/col -->\n\t\t<\/div>\n<\/p><\/div>\n<\/section>\n<div class=\"container py-4\">\n<div class=\"row\">\n<div class=\"col-md-12 text-center\">\n<div class=\"lc-block mb-4\"><span editable=\"inline\" class=\"small mt-4 d-block\"><\/span><\/p>\n<h2 editable=\"inline\" class=\"display-2 mb-0 font-weight-bold\">Pricing<\/h2>\n<p editable=\"inline\" class=\"\">\n<\/p><\/div>\n<\/p><\/div>\n<\/p><\/div>\n<div class=\"row mt-4\">\n<div class=\"text-center py-5 shadow-lg col-md-12\">\n<div class=\"lc-block\">\n<div editable=\"rich\">\n<h2>MANNING\u2019S CALCULATOR<br \/><\/h2>\n<p>La licence du logiciel est une \u00ab licence de site \u00bb et permet d&rsquo;installer le calculateur de Manning sur autant d&rsquo;ordinateurs que n\u00e9cessaire dans un m\u00eame lieu : un lieu \u00e9tant une adresse physique sp\u00e9cifique. <\/p>\n<\/p><\/div>\n<\/p><\/div>\n<div class=\"lc-block\">\n<div editable=\"rich\">\n<h2 class=\"display-3\">$50<\/h2>\n<p>\/plus taxes<\/p>\n<\/p><\/div>\n<div class=\"container\">\n<div class=\"row\">\n<div class=\"col-md-4\">\n<div class=\"lc-block\"><\/div>\n<\/p><\/div>\n<div class=\"col-md-4\">\n<div class=\"lc-block\">\n<form action=\"https:\/\/www.paypal.com\/cgi-bin\/webscr\" method=\"post\" target=\"_top\">\n\t\t\t\t\t\t\t\t\t<input type=\"hidden\" name=\"cmd\" value=\"_s-xclick\"><br \/>\n\t\t\t\t\t\t\t\t\t<input type=\"hidden\" name=\"hosted_button_id\" value=\"QX4F3ZZ9XPRRL\"><br \/>\n\t\t\t\t\t\t\t\t\t<input type=\"hidden\" name=\"currency_code\" value=\"CAD\"><br \/>\n\t\t\t\t\t\t\t\t\t<input type=\"image\" src=\"https:\/\/www.paypalobjects.com\/en_US\/i\/btn\/btn_buynowCC_LG.gif\" border=\"0\" name=\"submit\" title=\"PayPal - The safer, easier way to pay online!\" alt=\"Buy Now\"><br \/>\n\t\t\t\t\t\t\t\t<\/form>\n<\/p><\/div>\n<\/p><\/div>\n<div class=\"col-md-4\">\n<div class=\"lc-block\"><\/div>\n<\/p><\/div>\n<\/p><\/div>\n<\/p><\/div>\n<\/p><\/div>\n<\/p><\/div>\n<\/p><\/div>\n<\/div>\n<section id=\"global-footer\" class=\"topfooter_container d-none d-md-block\">\n<div class=\"container\">\n<div class=\"row\">\n<div class=\"col-md-3\">\n<div class=\"lc-block\">\n<div lc-helper=\"shortcode\" class=\"live-shortcode\"><img loading=\"lazy\" decoding=\"async\" width=\"893\" height=\"317\" src=\"https:\/\/jfsacanada.com\/wp-content\/uploads\/2024\/04\/logo_JFSA_CANADA_rgb_blue2colours_no-text-e1713540713979.jpg\" class=\"custom-logo\" alt=\"JFSA Canada Inc.\" \/><\/div>\n<\/p><\/div>\n<p><!-- \/lc-block --><br \/>\n\t\t\t\t<!-- \/lc-block -->\n\t\t\t<\/div>\n<p><!-- \/col --><\/p>\n<div class=\"col-md-9\">\n<div class=\"lc-block\">\n<div lc-helper=\"shortcode\" class=\"live-shortcode\"><div class=\"menu-footer-menu-fr-container\"><ul id=\"menu-footer-menu-fr\" class=\"navbar\"><li id=\"menu-item-2429\" class=\"nav-item menu-item menu-item-type-custom menu-item-object-custom menu-item-2429\"><a title=\"Accueil\" href=\"https:\/\/www.jfsa.com\/\" class=\"nav-link\">Accueil<\/a><\/li>\n<li id=\"menu-item-71\" class=\"nav-item menu-item menu-item-type-post_type menu-item-object-page menu-item-71\"><a title=\"\u00c0 propos\" href=\"https:\/\/jfsacanada.com\/fr\/notre-entreprise\/a-propos\/\" class=\"nav-link\">\u00c0 propos<\/a><\/li>\n<li id=\"menu-item-75\" class=\"nav-item menu-item menu-item-type-post_type menu-item-object-page menu-item-75\"><a title=\"Carri\u00e8res\" href=\"https:\/\/jfsacanada.com\/fr\/carrieres\/\" class=\"nav-link\">Carri\u00e8res<\/a><\/li>\n<li id=\"menu-item-77\" class=\"nav-item menu-item menu-item-type-post_type menu-item-object-page menu-item-77\"><a title=\"Logiciels\" href=\"https:\/\/jfsacanada.com\/fr\/produits\/logiciels\/\" class=\"nav-link\">Logiciels<\/a><\/li>\n<li id=\"menu-item-2428\" class=\"nav-item menu-item menu-item-type-post_type menu-item-object-page menu-item-2428\"><a title=\"Services\" href=\"https:\/\/jfsacanada.com\/fr\/services\/\" class=\"nav-link\">Services<\/a><\/li>\n<li id=\"menu-item-2430\" class=\"nav-item menu-item menu-item-type-post_type menu-item-object-page menu-item-2430\"><a title=\"Notre \u00e9quipe\" href=\"https:\/\/jfsacanada.com\/fr\/notre-entreprise\/notre-equipe\/\" class=\"nav-link\">Notre \u00e9quipe<\/a><\/li>\n<\/ul><\/div><\/div>\n<\/p><\/div>\n<p><!-- \/lc-block -->\n\t\t\t<\/div>\n<p><!-- \/col -->\n\t\t<\/div>\n<\/p><\/div>\n<\/section>\n","protected":false},"excerpt":{"rendered":"<p>La calculatrice de Manning est un utilitaire d&rsquo;ing\u00e9nierie hydraulique pour l&rsquo;\u00e9coulement dans les canaux ouverts et les conduites qui peut \u00eatre utilis\u00e9 pour calculer n&rsquo;importe quelle variable de l&rsquo;\u00e9quation de Manning pour la plupart des g\u00e9om\u00e9tries de canaux, pour les conduites circulaires et pour diverses unit\u00e9s d&rsquo;entr\u00e9e et de sortie. La calculatrice de Manning peut [&hellip;]<\/p>\n","protected":false},"author":2,"featured_media":0,"parent":0,"menu_order":0,"comment_status":"closed","ping_status":"closed","template":"","meta":{"_acf_changed":false,"footnotes":""},"class_list":["post-2633","page","type-page","status-publish","hentry"],"acf":[],"aioseo_notices":[],"_links":{"self":[{"href":"https:\/\/jfsacanada.com\/fr\/wp-json\/wp\/v2\/pages\/2633","targetHints":{"allow":["GET"]}}],"collection":[{"href":"https:\/\/jfsacanada.com\/fr\/wp-json\/wp\/v2\/pages"}],"about":[{"href":"https:\/\/jfsacanada.com\/fr\/wp-json\/wp\/v2\/types\/page"}],"author":[{"embeddable":true,"href":"https:\/\/jfsacanada.com\/fr\/wp-json\/wp\/v2\/users\/2"}],"replies":[{"embeddable":true,"href":"https:\/\/jfsacanada.com\/fr\/wp-json\/wp\/v2\/comments?post=2633"}],"version-history":[{"count":4,"href":"https:\/\/jfsacanada.com\/fr\/wp-json\/wp\/v2\/pages\/2633\/revisions"}],"predecessor-version":[{"id":2809,"href":"https:\/\/jfsacanada.com\/fr\/wp-json\/wp\/v2\/pages\/2633\/revisions\/2809"}],"wp:attachment":[{"href":"https:\/\/jfsacanada.com\/fr\/wp-json\/wp\/v2\/media?parent=2633"}],"curies":[{"name":"wp","href":"https:\/\/api.w.org\/{rel}","templated":true}]}}