{"id":2640,"date":"2023-12-11T11:30:50","date_gmt":"2023-12-11T16:30:50","guid":{"rendered":"https:\/\/jfsacanada.com\/?page_id=2640"},"modified":"2023-12-11T14:44:44","modified_gmt":"2023-12-11T19:44:44","slug":"storms-2010","status":"publish","type":"page","link":"https:\/\/jfsacanada.com\/fr\/storms-2010\/","title":{"rendered":"STORMS 2010"},"content":{"rendered":"<section>\n<div class=\"container\">\n<div class=\"row\">\n<div class=\"col-md-12\">\n<div class=\"lc-block\">\n<div editable=\"rich\">\n<p> Logiciel d&rsquo;analyse des pr\u00e9cipitations qui vous permet de :<\/p>\n<ul type=\"disc\">\n<li>G\u00e9rer vos donn\u00e9es statistiques locales sur les pr\u00e9cipitations ;<\/li>\n<li>G\u00e9n\u00e9rer et mettre \u00e0 jour des courbes intensit\u00e9-dur\u00e9e-fr\u00e9quence (IDF) de courte ou longue dur\u00e9e ;<\/li>\n<li>\u00c9valuer la p\u00e9riode de retour des \u00e9v\u00e9nements pluvieux observ\u00e9s ;<\/li>\n<li>Cr\u00e9er et g\u00e9rer des temp\u00eates de conception (Chicago, NRCS, AES et Huff) ;<\/li>\n<li>Calculer les statistiques pluviom\u00e9triques pour tout \u00e9v\u00e9nement (pluie totale, dur\u00e9e, intensit\u00e9 moyenne, intensit\u00e9s maximales sur 5, 10, 15, 30 minutes et dur\u00e9es de 1, 2, 3, 6, 12 et 24 heures) ;<\/li>\n<li>Effectuer des analyses de fr\u00e9quence des valeurs extr\u00eames ;<\/li>\n<li>\u00c9tudier les tendances en mati\u00e8re d&rsquo;intensit\u00e9 des pr\u00e9cipitations ;<\/li>\n<li>Pr\u00e9parer des graphiques pr\u00eats \u00e0 l&#8217;emploi pour les hy\u00e9togrammes et les courbes IDF, ainsi que divers tableaux pr\u00eats \u00e0 l&#8217;emploi.<\/li>\n<\/ul>\n<p>STORMS 2010 comprend une base de donn\u00e9es actualis\u00e9e de plus de 700 stations du Service de l&rsquo;environnement atmosph\u00e9rique (SEA) contenant des statistiques compl\u00e8tes sur les pr\u00e9cipitations annuelles maximales de courte dur\u00e9e et des donn\u00e9es IDF d&rsquo;Environnement Canada. Les donn\u00e9es peuvent \u00eatre mises \u00e0 jour si n\u00e9cessaire. Le logiciel fonctionne en anglais ou en fran\u00e7ais.<\/p>\n<p>T\u00e9l\u00e9charger le manuel d&rsquo;utilisation de STORMS: <a href=\"download\/STORMS2010_USER_MANUAL.pdf\">STORMS2010_USER_MANUAL.PDF<\/a><br \/>T\u00e9l\u00e9charger STORMS: <a href=\"https:\/\/jfsacanada.com\/en\/software\/software-downloads\/\">T\u00e9l\u00e9chargements de logiciels<\/a><br \/>Pour acheter Storms 2010 vous pouvez acheter ci-dessous en utilisant paypal ou nous envoyer un email \u00e0 <a href=\"mailto:SWMHYMO@JFSA.com\">SWMHYMO@JFSA.com<\/a><\/p>\n<\/p><\/div>\n<\/p><\/div>\n<p><!-- \/lc-block -->\n\t\t\t<\/div>\n<p><!-- \/col -->\n\t\t<\/div>\n<\/p><\/div>\n<\/section>\n<div class=\"container py-4\">\n<div class=\"row\">\n<div class=\"col-md-12 text-center\">\n<div class=\"lc-block mb-4\"><span editable=\"inline\" class=\"small mt-4 d-block\"><\/span><\/p>\n<h2 editable=\"inline\" class=\"display-2 mb-0 font-weight-bold\">Tarification<\/h2>\n<p editable=\"inline\" class=\"\">\n<\/p><\/div>\n<\/p><\/div>\n<\/p><\/div>\n<div class=\"row mt-4\">\n<div class=\"text-center py-5 shadow-lg col-md-12\">\n<div class=\"lc-block\">\n<div editable=\"rich\">\n<h2><strong>STORMS 2010<\/strong><\/h2>\n<p>&nbsp;est une \u00ab\u00a0licence pour un seul utilisateur\u00a0\u00bb et n\u00e9cessite donc une licence par ordinateur.<\/p>\n<\/p><\/div>\n<\/p><\/div>\n<div class=\"lc-block\">\n<div editable=\"rich\">\n<h2 class=\"display-3\">$300<\/h2>\n<p>\/plus taxes<\/p>\n<\/p><\/div>\n<div class=\"container\">\n<div class=\"row\">\n<div class=\"col-md-4\">\n<div class=\"lc-block\"><\/div>\n<\/p><\/div>\n<div class=\"col-md-4\">\n<div class=\"lc-block\">\n<form action=\"https:\/\/www.paypal.com\/cgi-bin\/webscr\" method=\"post\" target=\"_top\">\n\t\t\t\t\t\t\t\t\t<input type=\"hidden\" name=\"cmd\" value=\"_s-xclick\"><br \/>\n\t\t\t\t\t\t\t\t\t<input type=\"hidden\" name=\"hosted_button_id\" value=\"SN5SBBHTY83EG\"><br \/>\n\t\t\t\t\t\t\t\t\t<input type=\"hidden\" name=\"currency_code\" value=\"CAD\"><br \/>\n\t\t\t\t\t\t\t\t\t<input type=\"image\" src=\"https:\/\/www.paypalobjects.com\/en_US\/i\/btn\/btn_buynowCC_LG.gif\" border=\"0\" name=\"submit\" title=\"PayPal - The safer, easier way to pay online!\" alt=\"Buy Now\"><br \/>\n\t\t\t\t\t\t\t\t<\/form>\n<\/p><\/div>\n<\/p><\/div>\n<div class=\"col-md-4\">\n<div class=\"lc-block\"><\/div>\n<\/p><\/div>\n<\/p><\/div>\n<\/p><\/div>\n<\/p><\/div>\n<\/p><\/div>\n<\/p><\/div>\n<\/div>\n<section id=\"global-footer\" class=\"topfooter_container d-none d-md-block\">\n<div class=\"container\">\n<div class=\"row\">\n<div class=\"col-md-3\">\n<div class=\"lc-block\">\n<div lc-helper=\"shortcode\" class=\"live-shortcode\"><img loading=\"lazy\" decoding=\"async\" width=\"893\" height=\"317\" src=\"https:\/\/jfsacanada.com\/wp-content\/uploads\/2024\/04\/logo_JFSA_CANADA_rgb_blue2colours_no-text-e1713540713979.jpg\" class=\"custom-logo\" alt=\"JFSA Canada Inc.\" \/><\/div>\n<\/p><\/div>\n<p><!-- \/lc-block --><br \/>\n\t\t\t\t<!-- \/lc-block -->\n\t\t\t<\/div>\n<p><!-- \/col --><\/p>\n<div class=\"col-md-9\">\n<div class=\"lc-block\">\n<div lc-helper=\"shortcode\" class=\"live-shortcode\"><div class=\"menu-footer-menu-fr-container\"><ul id=\"menu-footer-menu-fr\" class=\"navbar\"><li id=\"menu-item-2429\" class=\"nav-item menu-item menu-item-type-custom menu-item-object-custom menu-item-2429\"><a title=\"Accueil\" href=\"https:\/\/www.jfsa.com\/\" class=\"nav-link\">Accueil<\/a><\/li>\n<li id=\"menu-item-71\" class=\"nav-item menu-item menu-item-type-post_type menu-item-object-page menu-item-71\"><a title=\"\u00c0 propos\" href=\"https:\/\/jfsacanada.com\/fr\/notre-entreprise\/a-propos\/\" class=\"nav-link\">\u00c0 propos<\/a><\/li>\n<li id=\"menu-item-75\" class=\"nav-item menu-item menu-item-type-post_type menu-item-object-page menu-item-75\"><a title=\"Carri\u00e8res\" href=\"https:\/\/jfsacanada.com\/fr\/carrieres\/\" class=\"nav-link\">Carri\u00e8res<\/a><\/li>\n<li id=\"menu-item-77\" class=\"nav-item menu-item menu-item-type-post_type menu-item-object-page menu-item-77\"><a title=\"Logiciels\" href=\"https:\/\/jfsacanada.com\/fr\/produits\/logiciels\/\" class=\"nav-link\">Logiciels<\/a><\/li>\n<li id=\"menu-item-2428\" class=\"nav-item menu-item menu-item-type-post_type menu-item-object-page menu-item-2428\"><a title=\"Services\" href=\"https:\/\/jfsacanada.com\/fr\/services\/\" class=\"nav-link\">Services<\/a><\/li>\n<li id=\"menu-item-2430\" class=\"nav-item menu-item menu-item-type-post_type menu-item-object-page menu-item-2430\"><a title=\"Notre \u00e9quipe\" href=\"https:\/\/jfsacanada.com\/fr\/notre-entreprise\/notre-equipe\/\" class=\"nav-link\">Notre \u00e9quipe<\/a><\/li>\n<\/ul><\/div><\/div>\n<\/p><\/div>\n<p><!-- \/lc-block -->\n\t\t\t<\/div>\n<p><!-- \/col -->\n\t\t<\/div>\n<\/p><\/div>\n<\/section>\n","protected":false},"excerpt":{"rendered":"<p>Logiciel d&rsquo;analyse des pr\u00e9cipitations qui vous permet de : G\u00e9rer vos donn\u00e9es statistiques locales sur les pr\u00e9cipitations ; G\u00e9n\u00e9rer et mettre \u00e0 jour des courbes intensit\u00e9-dur\u00e9e-fr\u00e9quence (IDF) de courte ou longue dur\u00e9e ; \u00c9valuer la p\u00e9riode de retour des \u00e9v\u00e9nements pluvieux observ\u00e9s ; Cr\u00e9er et g\u00e9rer des temp\u00eates de conception (Chicago, NRCS, AES et Huff) [&hellip;]<\/p>\n","protected":false},"author":2,"featured_media":244,"parent":0,"menu_order":0,"comment_status":"closed","ping_status":"closed","template":"","meta":{"_acf_changed":false,"footnotes":""},"class_list":["post-2640","page","type-page","status-publish","has-post-thumbnail","hentry"],"acf":[],"aioseo_notices":[],"_links":{"self":[{"href":"https:\/\/jfsacanada.com\/fr\/wp-json\/wp\/v2\/pages\/2640","targetHints":{"allow":["GET"]}}],"collection":[{"href":"https:\/\/jfsacanada.com\/fr\/wp-json\/wp\/v2\/pages"}],"about":[{"href":"https:\/\/jfsacanada.com\/fr\/wp-json\/wp\/v2\/types\/page"}],"author":[{"embeddable":true,"href":"https:\/\/jfsacanada.com\/fr\/wp-json\/wp\/v2\/users\/2"}],"replies":[{"embeddable":true,"href":"https:\/\/jfsacanada.com\/fr\/wp-json\/wp\/v2\/comments?post=2640"}],"version-history":[{"count":2,"href":"https:\/\/jfsacanada.com\/fr\/wp-json\/wp\/v2\/pages\/2640\/revisions"}],"predecessor-version":[{"id":2653,"href":"https:\/\/jfsacanada.com\/fr\/wp-json\/wp\/v2\/pages\/2640\/revisions\/2653"}],"wp:featuredmedia":[{"embeddable":true,"href":"https:\/\/jfsacanada.com\/fr\/wp-json\/wp\/v2\/media\/244"}],"wp:attachment":[{"href":"https:\/\/jfsacanada.com\/fr\/wp-json\/wp\/v2\/media?parent=2640"}],"curies":[{"name":"wp","href":"https:\/\/api.w.org\/{rel}","templated":true}]}}