{"id":2644,"date":"2023-12-11T11:34:39","date_gmt":"2023-12-11T16:34:39","guid":{"rendered":"https:\/\/jfsacanada.com\/?page_id=2644"},"modified":"2024-08-13T10:16:43","modified_gmt":"2024-08-13T14:16:43","slug":"swmhymo-stormwater-management-hydrologic-model","status":"publish","type":"page","link":"https:\/\/jfsacanada.com\/fr\/swmhymo-stormwater-management-hydrologic-model\/","title":{"rendered":"SWMHYMO (Stormwater Management Hydrologic Model)"},"content":{"rendered":"<section>\n<div class=\"container\">\n<div class=\"row\">\n<div class=\"col-md-12 text-center\">\n<div class=\"lc-block\">\n\t\t\t\t\t<span editable=\"inline\" class=\"small mt-4 d-block\"><\/span><\/p>\n<h2 editable=\"inline\" class=\"display-2 mb-0 font-weight-bold\">SWMHYMO v5.5 <\/h2>\n<p editable=\"inline\" class=\"\">SWMHYMO a \u00e9t\u00e9 mis \u00e0 jour \u00e0 la version 5.5 ; d\u00e9couvrez quelques-unes des fonctionnalit\u00e9s qui ont \u00e9t\u00e9 modifi\u00e9es dans la nouvelle version.<\/p>\n<\/p><\/div>\n<\/p><\/div>\n<\/p><\/div>\n<div class=\"row pt-4\">\n<div class=\"col-md-4 text-center\">\n<div class=\"lc-block\"><img decoding=\"async\" alt=\"\" class=\"img-fluid\" src=\"https:\/\/cdn.livecanvas.com\/media\/svg\/undraw\/social-growth.svg\" style=\"height:10vh\"><\/p>\n<h4 class=\"my-3\" editable=\"inline\">Meilleure compatibilit\u00e9 avec Windows<\/h4>\n<p editable=\"inline\" class=\"\">Recompil\u00e9 dans un environnement 64 bits pour fonctionner avec Windows 7 et sup\u00e9rieur avec des temps d&rsquo;ex\u00e9cution plus rapides.\n\t\t\t\t\t<\/p>\n<\/p>\n<p>Permet d\u00e9sormais d&rsquo;utiliser des noms de fichiers et des chemins d&rsquo;acc\u00e8s plus longs.<\/p>\n<\/p><\/div>\n<\/p><\/div>\n<div class=\"col-md-4 text-center\">\n<div class=\"lc-block\">\n\t\t\t\t\t<img decoding=\"async\" class=\"img-fluid\" alt=\"\" src=\"https:\/\/cdn.livecanvas.com\/media\/svg\/undraw\/finance.svg\" style=\"height:10vh\"><\/p>\n<h4 class=\"my-3\" editable=\"inline\">Des ensembles de donn\u00e9es plus importants<\/h4>\n<p editable=\"inline\" class=\"\">La largeur des fichiers de donn\u00e9es est pass\u00e9e de 80 \u00e0 256 caract\u00e8res, ce qui permet aux utilisateurs de copier\/coller des donn\u00e9es d&rsquo;entr\u00e9e pr\u00e9par\u00e9es dans des feuilles de calcul directement dans les fichiers d&rsquo;entr\u00e9e de SWMHYMO. Les commandes ADD HYD et ROUTE RESERVOIR permettent d\u00e9sormais de saisir un plus grand nombre d&rsquo;hydrogrammes ou de points, respectivement.<\/p>\n<\/p><\/div>\n<\/p><\/div>\n<div class=\"col-md-4 text-center\">\n\t\t\t\t<img decoding=\"async\" class=\"img-fluid\" alt=\"\" src=\"https:\/\/cdn.livecanvas.com\/media\/svg\/undraw\/real-time-sync.svg\" style=\"height:10vh\"><\/p>\n<h4 class=\"my-3\" editable=\"inline\">LID Commandes<\/h4>\n<p editable=\"inline\" class=\"\">Les commandes BMP et LID (tonneaux de pluie, pav\u00e9s perm\u00e9ables, tranch\u00e9es d&rsquo;infiltration, citernes d&rsquo;eau) ont \u00e9t\u00e9 ajout\u00e9es au mod\u00e8le. En outre, une nouvelle commande SWM POND peut \u00eatre utilis\u00e9e pour prendre en compte les pertes dues \u00e0 l&rsquo;infiltration dans les \u00e9tangs et les r\u00e9servoirs.<\/p>\n<\/p>\n<\/p><\/div>\n<\/p><\/div>\n<div class=\"row pt-4\">\n<div class=\"col-md-4 text-center\">\n\t\t\t\t<img decoding=\"async\" class=\"img-fluid\" alt=\"\" src=\"https:\/\/cdn.livecanvas.com\/media\/svg\/undraw\/social-media.svg\" style=\"height:10vh\"><\/p>\n<h4 class=\"my-3\" editable=\"inline\">Pas de num\u00e9ro d&rsquo;identification<\/h4>\n<p editable=\"inline\" class=\"\">Les utilisateurs peuvent d\u00e9sormais cr\u00e9er des fichiers de donn\u00e9es avec ou sans num\u00e9ro d&rsquo;identification. Les valeurs alphanum\u00e9riques NHYD (jusqu&rsquo;\u00e0 10 caract\u00e8res) sont utilis\u00e9es pour le suivi des hydrogrammes.<\/p>\n<\/p>\n<\/p><\/div>\n<div class=\"col-md-4 text-center\">\n\t\t\t\t<img decoding=\"async\" class=\"img-fluid\" alt=\"\" src=\"https:\/\/cdn.livecanvas.com\/media\/svg\/undraw\/time-management.svg\" style=\"height:10vh\"><\/p>\n<h4 class=\"my-3\" editable=\"inline\">Simulations plus importantes<\/h4>\n<p editable=\"inline\" class=\"\">Le nombre de pas de temps de calcul est port\u00e9 \u00e0 105 408 points (au lieu de 15 000 points), ce qui permet une simulation de 366 jours avec un pas de temps de 5 minutes.\n\t\t\t\t<\/p>\n<\/p>\n<\/p><\/div>\n<div class=\"col-md-4 text-center\">\n\t\t\t\t<img decoding=\"async\" alt=\"\" class=\"img-fluid\" src=\"https:\/\/cdn.livecanvas.com\/media\/svg\/undraw\/filing-system.svg\" style=\"height:10vh\"><\/p>\n<h4 class=\"my-3\" editable=\"inline\">R\u00e9trocompatibilit\u00e9<\/h4>\n<p editable=\"inline\" class=\"\">Peut ex\u00e9cuter tous les fichiers d&rsquo;entr\u00e9e format\u00e9s par SWMHYMO version 4.02 sans modification.<\/p>\n<p><\/p>\n<\/p>\n<\/p><\/div>\n<\/p><\/div>\n<\/p><\/div>\n<\/section>\n<section>\n<div class=\"container\">\n<div class=\"row\">\n<div class=\"col-md-12\">\n<div class=\"lc-block\">\n<div editable=\"rich\">\n<p>SWMHYMO, comme de nombreux successeurs de HYMO, est un mod\u00e8le hydrologique complexe utilis\u00e9 pour la simulation et la gestion des eaux de ruissellement dans les zones rurales et urbaines, qu&rsquo;elles soient petites ou grandes. <\/p>\n<\/p>\n<p>\u00c0 l&rsquo;aide d&rsquo;informations sur les bassins versants ou les bassins d&rsquo;\u00e9gouts facilement accessibles, SWMHYMO traite les donn\u00e9es pluviom\u00e9triques pour simuler la transformation des pr\u00e9cipitations en \u00e9coulements de surface. Les hydrogrammes calcul\u00e9s peuvent \u00eatre achemin\u00e9s dans des canalisations, des canaux ou des bassins et r\u00e9servoirs de contr\u00f4le des eaux pluviales. Dans les zones urbaines, il est \u00e9galement possible de simuler les taux de captage effectifs des bassins versants et les effets du stockage dans les points bas des rues. <\/p>\n<\/p>\n<p>Bien que l&rsquo;application de SWMHYMO ne soit pas limit\u00e9e \u00e0 un type particulier d&rsquo;analyse hydrologique, le mod\u00e8le sera g\u00e9n\u00e9ralement utilis\u00e9 dans les \u00e9tudes suivantes :<\/p>\n<ul type=\"disc\">\n<li>Plans directeurs de drainage pour l&rsquo;ensemble des bassins versants<\/li>\n<li>\u00c9tudes cartographiques des zones inondables<\/li>\n<li>\u00c9tudes sur la gestion des eaux souterraines pour les nouveaux d\u00e9veloppements<\/li>\n<li>Conception de syst\u00e8mes de drainage doubles<\/li>\n<li>Conception et analyse des r\u00e9seaux d&rsquo;\u00e9gouts pluviaux<\/li>\n<li>Conception d&rsquo;installations de contr\u00f4le des eaux pluviales<\/li>\n<li>\u00c9tudes sur l&rsquo;\u00e9rosion et la lutte contre les inondations<\/li>\n<li>Conception et \u00e9valuation des bassins de GDS<\/li>\n<li>Analyse du bilan hydrologique<\/li>\n<li>Analyse des d\u00e9faillances du syst\u00e8me et \u00e9valuation des alternatives<\/li>\n<\/ul>\n<p>T\u00e9l\u00e9charger <strong>SWMHYMO 5.5<\/strong>: <a href=\"https:\/\/jfsacanada.com\/fr\/software\/software-downloads\/\">T\u00e9l\u00e9chargements de logiciels<\/a><\/p>\n<p>Pour acheter SWMHYMO, vous pouvez le faire en nous envoyant un courrier \u00e9lectronique \u00e0 l&rsquo;adresse suivante <a href=\"mailto:SWMHYMO@JFSA.com\">SWMHYMO@JFSA.com<\/a><\/p>\n<\/p><\/div>\n<\/p><\/div>\n<p><!-- \/lc-block -->\n\t\t\t<\/div>\n<p><!-- \/col -->\n\t\t<\/div>\n<\/p><\/div>\n<\/section>\n<section>\n<div class=\"container py-4\">\n<div class=\"row\">\n<div class=\"col-md-12 text-center\">\n<div class=\"lc-block mb-4\"><span editable=\"inline\" class=\"small mt-4 d-block\"><\/span><\/p>\n<h2 editable=\"inline\" class=\"display-2 mb-0 font-weight-bold\">Pricing<\/h2>\n<p editable=\"inline\" class=\"\">\n<\/p><\/div>\n<\/p><\/div>\n<\/p><\/div>\n<div class=\"row mt-4\">\n<div class=\"text-center py-5 shadow-lg col-md-12\">\n<div class=\"lc-block\">\n<div editable=\"rich\">\n<h2><strong>SWMHYMO v5.5<\/strong><\/h2>\n<p>&nbsp;is a \u201csingle user license\u201d and therefore will require one license per computer.<\/p>\n<\/p><\/div>\n<\/p><\/div>\n<div class=\"lc-block\">\n<div editable=\"rich\">\n<h2 class=\"display-3\">$500<\/h2>\n<p>\/Year + Taxes<\/p>\n<\/p><\/div>\n<div class=\"container\">\n<div class=\"row\">\n<div class=\"col-md-4\">\n<div class=\"lc-block\"><\/div>\n<\/p><\/div>\n<div class=\"col-md-4\"><script src=\"https:\/\/www.paypal.com\/sdk\/js?client-id=BAAMnSSs8yrAHgLN8saSt_J7EDK1ff8EskqOi-lI4ybDvEICbFfGapp9zJxagr7SlI15IMJI39KJSrCToc&amp;components=hosted-buttons&amp;disable-funding=venmo&amp;currency=CAD\"><\/script><\/p>\n<div id=\"paypal-container-J54UV9DZWQYQ2\"><\/div>\n<p>\t\t\t\t\t\t\t\t<script>\n  paypal.HostedButtons({\n    hostedButtonId: \"J54UV9DZWQYQ2\",\n  }).render(\"#paypal-container-J54UV9DZWQYQ2\")\n<\/script>\n\t\t\t\t\t\t\t<\/div>\n<div class=\"col-md-4\">\n<div class=\"lc-block\"><\/div>\n<\/p><\/div>\n<\/p><\/div>\n<\/p><\/div>\n<\/p><\/div>\n<\/p><\/div>\n<\/p><\/div>\n<\/p><\/div>\n<\/section>\n<section>\n<div class=\"container-fluid\">\n<div class=\"row\">\n<div class=\"col-md-12\"><\/div>\n<\/p><\/div>\n<\/p><\/div>\n<\/section>\n<section id=\"global-footer\" class=\"topfooter_container d-none d-md-block\">\n<div class=\"container\">\n<div class=\"row\">\n<div class=\"col-md-3\">\n<div class=\"lc-block\">\n<div lc-helper=\"shortcode\" class=\"live-shortcode\"><img loading=\"lazy\" decoding=\"async\" width=\"893\" height=\"317\" src=\"https:\/\/jfsacanada.com\/wp-content\/uploads\/2024\/04\/logo_JFSA_CANADA_rgb_blue2colours_no-text-e1713540713979.jpg\" class=\"custom-logo\" alt=\"JFSA Canada Inc.\" \/><\/div>\n<\/p><\/div>\n<p><!-- \/lc-block --><br \/>\n\t\t\t\t<!-- \/lc-block -->\n\t\t\t<\/div>\n<p><!-- \/col --><\/p>\n<div class=\"col-md-9\">\n<div class=\"lc-block\">\n<div lc-helper=\"shortcode\" class=\"live-shortcode\"><div class=\"menu-footer-menu-fr-container\"><ul id=\"menu-footer-menu-fr\" class=\"navbar\"><li id=\"menu-item-2429\" class=\"nav-item menu-item menu-item-type-custom menu-item-object-custom menu-item-2429\"><a title=\"Accueil\" href=\"https:\/\/www.jfsa.com\/\" class=\"nav-link\">Accueil<\/a><\/li>\n<li id=\"menu-item-71\" class=\"nav-item menu-item menu-item-type-post_type menu-item-object-page menu-item-71\"><a title=\"\u00c0 propos\" href=\"https:\/\/jfsacanada.com\/fr\/notre-entreprise\/a-propos\/\" class=\"nav-link\">\u00c0 propos<\/a><\/li>\n<li id=\"menu-item-75\" class=\"nav-item menu-item menu-item-type-post_type menu-item-object-page menu-item-75\"><a title=\"Carri\u00e8res\" href=\"https:\/\/jfsacanada.com\/fr\/carrieres\/\" class=\"nav-link\">Carri\u00e8res<\/a><\/li>\n<li id=\"menu-item-77\" class=\"nav-item menu-item menu-item-type-post_type menu-item-object-page menu-item-77\"><a title=\"Logiciels\" href=\"https:\/\/jfsacanada.com\/fr\/produits\/logiciels\/\" class=\"nav-link\">Logiciels<\/a><\/li>\n<li id=\"menu-item-2428\" class=\"nav-item menu-item menu-item-type-post_type menu-item-object-page menu-item-2428\"><a title=\"Services\" href=\"https:\/\/jfsacanada.com\/fr\/services\/\" class=\"nav-link\">Services<\/a><\/li>\n<li id=\"menu-item-2430\" class=\"nav-item menu-item menu-item-type-post_type menu-item-object-page menu-item-2430\"><a title=\"Notre \u00e9quipe\" href=\"https:\/\/jfsacanada.com\/fr\/notre-entreprise\/notre-equipe\/\" class=\"nav-link\">Notre \u00e9quipe<\/a><\/li>\n<\/ul><\/div><\/div>\n<\/p><\/div>\n<p><!-- \/lc-block -->\n\t\t\t<\/div>\n<p><!-- \/col -->\n\t\t<\/div>\n<\/p><\/div>\n<\/section>\n","protected":false},"excerpt":{"rendered":"<p>SWMHYMO v5.5 SWMHYMO a \u00e9t\u00e9 mis \u00e0 jour \u00e0 la version 5.5 ; d\u00e9couvrez quelques-unes des fonctionnalit\u00e9s qui ont \u00e9t\u00e9 modifi\u00e9es dans la nouvelle version. Meilleure compatibilit\u00e9 avec Windows Recompil\u00e9 dans un environnement 64 bits pour fonctionner avec Windows 7 et sup\u00e9rieur avec des temps d&rsquo;ex\u00e9cution plus rapides. Permet d\u00e9sormais d&rsquo;utiliser des noms de fichiers [&hellip;]<\/p>\n","protected":false},"author":2,"featured_media":241,"parent":0,"menu_order":0,"comment_status":"closed","ping_status":"closed","template":"","meta":{"_acf_changed":false,"footnotes":""},"class_list":["post-2644","page","type-page","status-publish","has-post-thumbnail","hentry"],"acf":[],"aioseo_notices":[],"_links":{"self":[{"href":"https:\/\/jfsacanada.com\/fr\/wp-json\/wp\/v2\/pages\/2644","targetHints":{"allow":["GET"]}}],"collection":[{"href":"https:\/\/jfsacanada.com\/fr\/wp-json\/wp\/v2\/pages"}],"about":[{"href":"https:\/\/jfsacanada.com\/fr\/wp-json\/wp\/v2\/types\/page"}],"author":[{"embeddable":true,"href":"https:\/\/jfsacanada.com\/fr\/wp-json\/wp\/v2\/users\/2"}],"replies":[{"embeddable":true,"href":"https:\/\/jfsacanada.com\/fr\/wp-json\/wp\/v2\/comments?post=2644"}],"version-history":[{"count":7,"href":"https:\/\/jfsacanada.com\/fr\/wp-json\/wp\/v2\/pages\/2644\/revisions"}],"predecessor-version":[{"id":2769,"href":"https:\/\/jfsacanada.com\/fr\/wp-json\/wp\/v2\/pages\/2644\/revisions\/2769"}],"wp:featuredmedia":[{"embeddable":true,"href":"https:\/\/jfsacanada.com\/fr\/wp-json\/wp\/v2\/media\/241"}],"wp:attachment":[{"href":"https:\/\/jfsacanada.com\/fr\/wp-json\/wp\/v2\/media?parent=2644"}],"curies":[{"name":"wp","href":"https:\/\/api.w.org\/{rel}","templated":true}]}}