{"id":2778,"date":"2024-09-04T11:27:23","date_gmt":"2024-09-04T15:27:23","guid":{"rendered":"https:\/\/jfsacanada.com\/?page_id=2778"},"modified":"2024-09-04T11:50:23","modified_gmt":"2024-09-04T15:50:23","slug":"tarification","status":"publish","type":"page","link":"https:\/\/jfsacanada.com\/fr\/tarification\/","title":{"rendered":"Tarification"},"content":{"rendered":"<div class=\"container pb-5\">\n<div class=\"row\">\n<div class=\"col-md-12 text-center\">\n<div class=\"lc-block mb-4\"><span editable=\"inline\" class=\"small mt-4 d-block\"><\/span><\/p>\n<h2 editable=\"inline\" class=\"display-2 mb-0 font-weight-bold\">Tarification<\/h2>\n<p editable=\"inline\" class=\"\">Tous les logiciels sont hors taxes<\/p>\n<\/p><\/div>\n<\/p><\/div>\n<\/p><\/div>\n<div class=\"row mt-4\">\n<div class=\"col-md-12\">\n<div class=\"card-deck  text-center\">\n<div class=\"card lc-block text-dark\">\n<div class=\"card-header\">\n<h4 class=\"my-0 font-weight-normal\" editable=\"inline\">SWMHYMO 5.5<\/h4>\n<\/p><\/div>\n<div class=\"card-body\">\n<h1 class=\"card-title pricing-card-title\" editable=\"inline\">$500&nbsp;<small class=\"text-muted\" editable=\"inline\">\/&nbsp;ann\u00e9e<\/small><\/h1>\n<ul class=\"list-unstyled mt-3 mb-4\">\n<li editable=\"inline\" class=\"\">Un mod\u00e8le hydrologique complexe utilis\u00e9 pour la simulation et la gestion des eaux de ruissellement dans les zones rurales et urbaines, qu&rsquo;elles soient petites ou grandes<\/li>\n<li editable=\"inline\" class=\"\"><\/li>\n<\/ul>\n<p>\t\t\t\t\t\t<a href=\"https:\/\/www.paypal.com\/cgi-bin\/webscr?cmd=_s-xclick&amp;hosted_button_id=TLEEG5LBD5FQW\" class=\"btn btn-lg btn-block btn-outline-primary\">Purchase Here<\/a>\n\t\t\t\t\t<\/div>\n<\/p><\/div>\n<div class=\"card lc-block text-dark\">\n<div class=\"card-header\">\n<h4 class=\"my-0 font-weight-normal\" editable=\"inline\">Storms 2010<\/h4>\n<\/p><\/div>\n<div class=\"card-body\">\n<h1 class=\"card-title pricing-card-title\" editable=\"inline\">$300&nbsp;<small class=\"text-muted\" editable=\"inline\">\/&nbsp;si\u00e8ge<\/small><\/h1>\n<ul class=\"list-unstyled mt-3 mb-4\">\n<li editable=\"inline\" class=\"\">Logiciel d&rsquo;analyse des pr\u00e9cipitations<\/li>\n<li editable=\"inline\" class=\"\">G\u00e9rer vos donn\u00e9es statistiques locales sur les pr\u00e9cipitations<\/li>\n<li editable=\"inline\" class=\"\">Cr\u00e9er et g\u00e9rer des temp\u00eates de conception <\/li>\n<li editable=\"inline\" class=\"\"><\/li>\n<\/ul>\n<p>\t\t\t\t\t\t<a href=\"https:\/\/www.paypal.com\/webapps\/shoppingcart?flowlogging_id=f209552f0e757&amp;mfid=1725460197880_f209552f0e757#\/checkout\/openButton\" class=\"btn btn-lg btn-block btn-primary\">Purchase Here<\/a>\n\t\t\t\t\t<\/div>\n<\/p><\/div>\n<div class=\"card lc-block text-dark\">\n<div class=\"card-header\">\n<h4 class=\"my-0 font-weight-normal\" editable=\"inline\">Ploythd<\/h4>\n<\/p><\/div>\n<div class=\"card-body\">\n<h1 class=\"card-title pricing-card-title\" editable=\"inline\">$150&nbsp;<small class=\"text-muted\" editable=\"inline\">\/ site<\/small><\/h1>\n<ul class=\"list-unstyled mt-3 mb-4\">\n<li editable=\"inline\" class=\"\">Ce logiciel utilitaire peut \u00eatre utilis\u00e9 pour saisir, modifier ou tracer jusqu&rsquo;\u00e0 6 hydrogrammes en m\u00eame temps<\/li>\n<li editable=\"inline\" class=\"\"><\/li>\n<li editable=\"inline\" class=\"\"><\/li>\n<\/ul>\n<p>\t\t\t\t\t\t<a href=\"https:\/\/www.paypal.com\/cgi-bin\/webscr?cmd=_s-xclick&amp;hosted_button_id=DFEMTGPNXMSXG\" class=\"btn btn-lg btn-block btn-primary\">Purchase Here<\/a>\n\t\t\t\t\t<\/div>\n<\/p><\/div>\n<div class=\"card lc-block text-dark\">\n<div class=\"card-header\">\n<h4 class=\"my-0 font-weight-normal\" editable=\"inline\">Manning Calculator<\/h4>\n<\/p><\/div>\n<div class=\"card-body\">\n<h1 class=\"card-title pricing-card-title\" editable=\"inline\">$50&nbsp;<small class=\"text-muted\" editable=\"inline\">\/ site<\/small><\/h1>\n<ul class=\"list-unstyled mt-3 mb-4\">\n<li editable=\"inline\" class=\"\">Un utilitaire d&rsquo;ing\u00e9nierie hydraulique pour l&rsquo;\u00e9coulement dans les canaux ouverts et les conduits qui peut \u00eatre utilis\u00e9 pour calculer n&rsquo;importe quelle variable de l&rsquo;\u00e9quation de Manning.<\/li>\n<li editable=\"inline\" class=\"\"><\/li>\n<\/ul>\n<p>\t\t\t\t\t\t<a href=\"https:\/\/www.paypal.com\/webapps\/shoppingcart?flowlogging_id=f95256455add9&amp;mfid=1725459987317_f95256455add9#\/checkout\/openButton\" class=\"btn btn-lg btn-block btn-primary\">Purchase Here<\/a>\n\t\t\t\t\t<\/div>\n<\/p><\/div>\n<\/p><\/div>\n<\/p><\/div>\n<\/p><\/div>\n<\/div>\n","protected":false},"excerpt":{"rendered":"<p>Tarification Tous les logiciels sont hors taxes SWMHYMO 5.5 $500&nbsp;\/&nbsp;ann\u00e9e Un mod\u00e8le hydrologique complexe utilis\u00e9 pour la simulation et la gestion des eaux de ruissellement dans les zones rurales et urbaines, qu&rsquo;elles soient petites ou grandes Purchase Here Storms 2010 $300&nbsp;\/&nbsp;si\u00e8ge Logiciel d&rsquo;analyse des pr\u00e9cipitations G\u00e9rer vos donn\u00e9es statistiques locales sur les pr\u00e9cipitations Cr\u00e9er et [&hellip;]<\/p>\n","protected":false},"author":2,"featured_media":0,"parent":0,"menu_order":0,"comment_status":"closed","ping_status":"closed","template":"","meta":{"_acf_changed":false,"footnotes":""},"class_list":["post-2778","page","type-page","status-publish","hentry"],"acf":[],"aioseo_notices":[],"_links":{"self":[{"href":"https:\/\/jfsacanada.com\/fr\/wp-json\/wp\/v2\/pages\/2778","targetHints":{"allow":["GET"]}}],"collection":[{"href":"https:\/\/jfsacanada.com\/fr\/wp-json\/wp\/v2\/pages"}],"about":[{"href":"https:\/\/jfsacanada.com\/fr\/wp-json\/wp\/v2\/types\/page"}],"author":[{"embeddable":true,"href":"https:\/\/jfsacanada.com\/fr\/wp-json\/wp\/v2\/users\/2"}],"replies":[{"embeddable":true,"href":"https:\/\/jfsacanada.com\/fr\/wp-json\/wp\/v2\/comments?post=2778"}],"version-history":[{"count":2,"href":"https:\/\/jfsacanada.com\/fr\/wp-json\/wp\/v2\/pages\/2778\/revisions"}],"predecessor-version":[{"id":2812,"href":"https:\/\/jfsacanada.com\/fr\/wp-json\/wp\/v2\/pages\/2778\/revisions\/2812"}],"wp:attachment":[{"href":"https:\/\/jfsacanada.com\/fr\/wp-json\/wp\/v2\/media?parent=2778"}],"curies":[{"name":"wp","href":"https:\/\/api.w.org\/{rel}","templated":true}]}}