{"id":8,"date":"2019-11-19T21:19:47","date_gmt":"2019-11-19T21:19:47","guid":{"rendered":"https:\/\/jfsacanada.com\/?page_id=8"},"modified":"2024-04-15T13:34:12","modified_gmt":"2024-04-15T17:34:12","slug":"a-propos","status":"publish","type":"page","link":"https:\/\/jfsacanada.com\/fr\/notre-entreprise\/a-propos\/","title":{"rendered":"\u00c0 propos"},"content":{"rendered":"<section class=\"content_container\">\n<div class=\"container\">\n<div class=\"row\">\n<div class=\"col-lg-3 d-none d-lg-block\">\n<div class=\"lc-block\">\n<div lc-helper=\"shortcode\" class=\"live-shortcode\"><div class=\"side_links\"><p class=\"title\">Notre entreprise<\/p><ul><li class=\"page_item page-item-8\"><a href=\"https:\/\/jfsacanada.com\/fr\/notre-entreprise\/a-propos\/\">\u00c0 propos<\/a><\/li>\n<li class=\"page_item page-item-210\"><a href=\"https:\/\/jfsacanada.com\/fr\/notre-entreprise\/notre-equipe\/\">Notre \u00e9quipe<\/a><\/li>\n<\/ul><\/div><\/div>\n<\/p><\/div>\n<p><!-- \/lc-block -->\n\t\t\t<\/div>\n<p><!-- \/col --><\/p>\n<div class=\"col-lg-9\">\n<div class=\"lc-block\">\n<div editable=\"rich\">\n<h2>Notre entreprise<\/h2>\n<p>La firme JFSA inc. a \u00e9t\u00e9 incorpor\u00e9e en d\u00e9cembre 1993 et depuis maintenant plus de 25&nbsp;ans une trentaine d\u2019employ\u00e9s permanents ainsi que des employ\u00e9s saisonniers animent les bureaux de JFSA.<\/p>\n<p>L\u2019\u00e9quipe compte une s\u00e9rie de professionnels (ing\u00e9nieurs, g\u00e9omorphologues, techniciens, hydrog\u00e9ologues, biologistes, g\u00e9omaticiens, etc.) r\u00e9partie en quatre bureaux (3 au Qu\u00e9bec et 1 en Ontario) et travaillant exclusivement \u00e0 la gestion des ressources hydriques et de l\u2019environnement.<\/p>\n<h4>Sp\u00e9cialit\u00e9 de JFSA :<\/h4>\n<\/p>\n<ul>\n<li>Mod\u00e9lisation de l\u2019hydrologie et hydraulique (rivi\u00e8res, r\u00e9seaux d\u2019\u00e9gouts, bassins de r\u00e9tention, etc.);<\/li>\n<li>\u00c9laboration de plans de gestion des eaux pluviales, contr\u00f4le de la qualit\u00e9 de l&rsquo;eau et de l&rsquo;\u00e9rosion;<\/li>\n<li>Analyse de pluies importantes (donn\u00e9es radar);<\/li>\n<li>Collecte de donn\u00e9es pluviom\u00e9triques;<\/li>\n<li>\u00c9chantillonnage de l&rsquo;eau de surface et interpr\u00e9tation des donn\u00e9es sur la qualit\u00e9 de l&rsquo;eau;<\/li>\n<li>D\u00e9veloppement de logiciels de mod\u00e9lisation et recherche et d\u00e9veloppement dans le domaine du g\u00e9nie des eaux.<\/li>\n<\/ul>\n<p>Le pr\u00e9sident de l\u2019entreprise, M.&nbsp;Jean- Fran\u00e7ois Sabourin, M. ing., ing est d\u2019ailleurs une sommit\u00e9 dans le domaine des ressources hydriques au Canada. La sp\u00e9cialisation de JFSA dans la r\u00e9alisation de projets uniquement en hydrologie et en hydraulique en fait un chef de file reconnu dans le domaine.<\/p>\n<p>D\u2019ailleurs, JFSA contribue \u00e0 l\u2019effort technique et scientifique dans son domaine d\u2019expertise en s\u2019associant \u00e0 des projets de recherches avec des universit\u00e9s, notamment pour la mod\u00e9lisation en 2D des cours d\u2019eau et l\u2019\u00e9tude de l\u2019\u00e9volution de l\u2019\u00e9rosion de ceux-ci.<\/p>\n<p>JFSA se distingue par ses solutions intelligentes, novatrices et responsables qui s\u2019adaptent aux besoins sp\u00e9cifiques aux clients. Les projets compris dans le portfolio de JFSA sont de nature vari\u00e9e et son expertise permet d\u2019offrir des services de qualit\u00e9 sup\u00e9rieure en utilisant des technologies de pointe et des \u00e9quipements sp\u00e9cialis\u00e9s.<\/p>\n<\/p><\/div>\n<\/p><\/div>\n<p><!-- \/lc-block -->\n\t\t\t<\/div>\n<p><!-- \/col -->\n\t\t<\/div>\n<\/p><\/div>\n<\/section>\n<section id=\"global-footer\" class=\"topfooter_container d-none d-md-block\">\n<div class=\"container\">\n<div class=\"row\">\n<div class=\"col-md-3\">\n<div class=\"lc-block\">\n<div lc-helper=\"shortcode\" class=\"live-shortcode\"><img loading=\"lazy\" decoding=\"async\" width=\"893\" height=\"317\" src=\"https:\/\/jfsacanada.com\/wp-content\/uploads\/2024\/04\/logo_JFSA_CANADA_rgb_blue2colours_no-text-e1713540713979.jpg\" class=\"custom-logo\" alt=\"JFSA Canada Inc.\" \/><\/div>\n<\/p><\/div>\n<p><!-- \/lc-block --><br \/>\n\t\t\t\t<!-- \/lc-block -->\n\t\t\t<\/div>\n<p><!-- \/col --><\/p>\n<div class=\"col-md-9\">\n<div class=\"lc-block\">\n<div lc-helper=\"shortcode\" class=\"live-shortcode\"><div class=\"menu-footer-menu-fr-container\"><ul id=\"menu-footer-menu-fr\" class=\"navbar\"><li id=\"menu-item-2429\" class=\"nav-item menu-item menu-item-type-custom menu-item-object-custom menu-item-2429\"><a title=\"Accueil\" href=\"https:\/\/www.jfsa.com\/\" class=\"nav-link\">Accueil<\/a><\/li>\n<li id=\"menu-item-71\" class=\"nav-item menu-item menu-item-type-post_type menu-item-object-page menu-item-71\"><a title=\"\u00c0 propos\" href=\"https:\/\/jfsacanada.com\/fr\/notre-entreprise\/a-propos\/\" class=\"nav-link\">\u00c0 propos<\/a><\/li>\n<li id=\"menu-item-75\" class=\"nav-item menu-item menu-item-type-post_type menu-item-object-page menu-item-75\"><a title=\"Carri\u00e8res\" href=\"https:\/\/jfsacanada.com\/fr\/carrieres\/\" class=\"nav-link\">Carri\u00e8res<\/a><\/li>\n<li id=\"menu-item-77\" class=\"nav-item menu-item menu-item-type-post_type menu-item-object-page menu-item-77\"><a title=\"Logiciels\" href=\"https:\/\/jfsacanada.com\/fr\/produits\/logiciels\/\" class=\"nav-link\">Logiciels<\/a><\/li>\n<li id=\"menu-item-2428\" class=\"nav-item menu-item menu-item-type-post_type menu-item-object-page menu-item-2428\"><a title=\"Services\" href=\"https:\/\/jfsacanada.com\/fr\/services\/\" class=\"nav-link\">Services<\/a><\/li>\n<li id=\"menu-item-2430\" class=\"nav-item menu-item menu-item-type-post_type menu-item-object-page menu-item-2430\"><a title=\"Notre \u00e9quipe\" href=\"https:\/\/jfsacanada.com\/fr\/notre-entreprise\/notre-equipe\/\" class=\"nav-link\">Notre \u00e9quipe<\/a><\/li>\n<\/ul><\/div><\/div>\n<\/p><\/div>\n<p><!-- \/lc-block -->\n\t\t\t<\/div>\n<p><!-- \/col -->\n\t\t<\/div>\n<\/p><\/div>\n<\/section>\n","protected":false},"excerpt":{"rendered":"<p>Notre entreprise La firme inc. a \u00e9t\u00e9 incorpor\u00e9e en d\u00e9cembre 1993 et depuis maintenant plus de 25&nbsp;ans une trentaine d\u2019employ\u00e9s permanents ainsi que des employ\u00e9s saisonniers animent les bureaux de . L\u2019\u00e9quipe compte une s\u00e9rie de professionnels (ing\u00e9nieurs, g\u00e9omorphologues, techniciens, hydrog\u00e9ologues, biologistes, g\u00e9omaticiens, etc.) r\u00e9partie en quatre bureaux (3 au Qu\u00e9bec et 1 en Ontario) [&hellip;]<\/p>\n","protected":false},"author":2,"featured_media":0,"parent":208,"menu_order":0,"comment_status":"closed","ping_status":"closed","template":"","meta":{"_acf_changed":false,"footnotes":""},"class_list":["post-8","page","type-page","status-publish","hentry"],"acf":[],"aioseo_notices":[],"_links":{"self":[{"href":"https:\/\/jfsacanada.com\/fr\/wp-json\/wp\/v2\/pages\/8","targetHints":{"allow":["GET"]}}],"collection":[{"href":"https:\/\/jfsacanada.com\/fr\/wp-json\/wp\/v2\/pages"}],"about":[{"href":"https:\/\/jfsacanada.com\/fr\/wp-json\/wp\/v2\/types\/page"}],"author":[{"embeddable":true,"href":"https:\/\/jfsacanada.com\/fr\/wp-json\/wp\/v2\/users\/2"}],"replies":[{"embeddable":true,"href":"https:\/\/jfsacanada.com\/fr\/wp-json\/wp\/v2\/comments?post=8"}],"version-history":[{"count":11,"href":"https:\/\/jfsacanada.com\/fr\/wp-json\/wp\/v2\/pages\/8\/revisions"}],"predecessor-version":[{"id":2732,"href":"https:\/\/jfsacanada.com\/fr\/wp-json\/wp\/v2\/pages\/8\/revisions\/2732"}],"up":[{"embeddable":true,"href":"https:\/\/jfsacanada.com\/fr\/wp-json\/wp\/v2\/pages\/208"}],"wp:attachment":[{"href":"https:\/\/jfsacanada.com\/fr\/wp-json\/wp\/v2\/media?parent=8"}],"curies":[{"name":"wp","href":"https:\/\/api.w.org\/{rel}","templated":true}]}}